{"id":13210,"date":"2024-08-19T18:49:23","date_gmt":"2024-08-19T18:49:23","guid":{"rendered":"https:\/\/dev.hotelmoov.com\/rgpd\/"},"modified":"2025-03-05T13:15:51","modified_gmt":"2025-03-05T13:15:51","slug":"rgpd","status":"publish","type":"page","link":"https:\/\/hotelmoov.com\/pt-br\/rgpd\/","title":{"rendered":"RGPD"},"content":{"rendered":"\t\t<div data-elementor-type=\"wp-page\" data-elementor-id=\"13210\" class=\"elementor elementor-13210 elementor-11361\" data-elementor-post-type=\"page\">\n\t\t\t\t<div class=\"elementor-element elementor-element-576d50b e-con-full elementor-hidden-mobile e-flex e-con e-parent\" data-id=\"576d50b\" data-element_type=\"container\">\n\t\t\t\t<div class=\"elementor-element elementor-element-d3843ce elementor-icon-list--layout-inline elementor-align-left elementor-list-item-link-full_width elementor-widget elementor-widget-icon-list\" data-id=\"d3843ce\" data-element_type=\"widget\" data-widget_type=\"icon-list.default\">\n\t\t\t\t<div class=\"elementor-widget-container\">\n\t\t\t<link rel=\"stylesheet\" href=\"https:\/\/hotelmoov.com\/wp-content\/plugins\/elementor\/assets\/css\/widget-icon-list.min.css\">\t\t<ul class=\"elementor-icon-list-items elementor-inline-items\">\n\t\t\t\t\t\t\t<li class=\"elementor-icon-list-item elementor-inline-item\">\n\t\t\t\t\t\t\t\t\t\t\t<a href=\"https:\/\/hotelmoov.com\/pt-br\/\">\n\n\t\t\t\t\t\t\t\t\t\t\t<span class=\"elementor-icon-list-text\">Homepage<\/span>\n\t\t\t\t\t\t\t\t\t\t\t<\/a>\n\t\t\t\t\t\t\t\t\t<\/li>\n\t\t\t\t\t\t\t\t<li class=\"elementor-icon-list-item elementor-inline-item\">\n\t\t\t\t\t\t\t\t\t\t<span class=\"elementor-icon-list-text\">\/ RGPD<\/span>\n\t\t\t\t\t\t\t\t\t<\/li>\n\t\t\t\t\t\t<\/ul>\n\t\t\t\t<\/div>\n\t\t\t\t<\/div>\n\t\t\t\t<\/div>\n\t\t<div class=\"elementor-element elementor-element-0808e7d e-flex e-con-boxed e-con e-parent\" data-id=\"0808e7d\" data-element_type=\"container\">\n\t\t\t\t\t<div class=\"e-con-inner\">\n\t\t\t\t<div class=\"elementor-element elementor-element-fe4aed8 elementor-widget elementor-widget-theme-post-title elementor-page-title elementor-widget-heading\" data-id=\"fe4aed8\" data-element_type=\"widget\" data-widget_type=\"theme-post-title.default\">\n\t\t\t\t<div class=\"elementor-widget-container\">\n\t\t\t<style>\/*! elementor - v3.23.0 - 05-08-2024 *\/\n.elementor-heading-title{padding:0;margin:0;line-height:1}.elementor-widget-heading .elementor-heading-title[class*=elementor-size-]>a{color:inherit;font-size:inherit;line-height:inherit}.elementor-widget-heading .elementor-heading-title.elementor-size-small{font-size:15px}.elementor-widget-heading .elementor-heading-title.elementor-size-medium{font-size:19px}.elementor-widget-heading .elementor-heading-title.elementor-size-large{font-size:29px}.elementor-widget-heading .elementor-heading-title.elementor-size-xl{font-size:39px}.elementor-widget-heading .elementor-heading-title.elementor-size-xxl{font-size:59px}<\/style><h1 class=\"elementor-heading-title elementor-size-default\">RGPD<\/h1>\t\t<\/div>\n\t\t\t\t<\/div>\n\t\t\t\t<div class=\"elementor-element elementor-element-79ad011 elementor-widget elementor-widget-text-editor\" data-id=\"79ad011\" data-element_type=\"widget\" data-widget_type=\"text-editor.default\">\n\t\t\t\t<div class=\"elementor-widget-container\">\n\t\t\t<style>\/*! elementor - v3.23.0 - 05-08-2024 *\/\n.elementor-widget-text-editor.elementor-drop-cap-view-stacked .elementor-drop-cap{background-color:#69727d;color:#fff}.elementor-widget-text-editor.elementor-drop-cap-view-framed .elementor-drop-cap{color:#69727d;border:3px solid;background-color:transparent}.elementor-widget-text-editor:not(.elementor-drop-cap-view-default) .elementor-drop-cap{margin-top:8px}.elementor-widget-text-editor:not(.elementor-drop-cap-view-default) .elementor-drop-cap-letter{width:1em;height:1em}.elementor-widget-text-editor .elementor-drop-cap{float:left;text-align:center;line-height:1;font-size:50px}.elementor-widget-text-editor .elementor-drop-cap-letter{display:inline-block}<\/style>\t\t\t\t<p><strong>Finalidade para a qual tratamos seus dados<\/strong><\/p>\n<p>\u2219 Para manter a rela\u00e7\u00e3o contratual com nossos clientes, prestando os servi\u00e7os pr\u00f3prios da Endutex Hot\u00e9is, Sociedade Unipessoal Ltda;<br \/>\u2219 Para entrar em contato com nossos clientes por e-mail;<br \/>\u2219 Para informar nossos clientes sobre nossas atividades, campanhas, promo\u00e7\u00f5es, eventos, entre outros, que consideramos de interesse;<br \/>\u2219 Para realizar pesquisas sobre a qualidade dos servi\u00e7os que oferecemos, assim como para realizar a\u00e7\u00f5es de fideliza\u00e7\u00e3o.<\/p>\n\t\t\t\t\t\t<\/div>\n\t\t\t\t<\/div>\n\t\t\t\t<div class=\"elementor-element elementor-element-42c3798 elementor-widget elementor-widget-text-editor\" data-id=\"42c3798\" data-element_type=\"widget\" data-widget_type=\"text-editor.default\">\n\t\t\t\t<div class=\"elementor-widget-container\">\n\t\t\t\t\t\t\t<p><strong>Base legal do tratamento<\/strong><\/p>\n<p>A base legal do tratamento \u00e9 o cumprimento da rela\u00e7\u00e3o contratual ou pr\u00e9-contratual estabelecida com nossos clientes, bem como o consentimento concedido e, na aus\u00eancia deste, o interesse leg\u00edtimo em enviar informa\u00e7\u00f5es que consideramos de interesse.<\/p>\n\t\t\t\t\t\t<\/div>\n\t\t\t\t<\/div>\n\t\t\t\t<div class=\"elementor-element elementor-element-283a602 elementor-widget elementor-widget-text-editor\" data-id=\"283a602\" data-element_type=\"widget\" data-widget_type=\"text-editor.default\">\n\t\t\t\t<div class=\"elementor-widget-container\">\n\t\t\t\t\t\t\t<p><strong>Comunica\u00e7\u00f5es a terceiros, Confidencialidade<\/strong><\/p>\n<p>Informamos que a Endutex Hot\u00e9is, Sociedade Unipessoal Ltda, n\u00e3o comunica seus dados a terceiros e mant\u00e9m absoluta confidencialidade sobre as informa\u00e7\u00f5es referentes aos seus contatos ou clientes. A Endutex Hot\u00e9is, Sociedade Unipessoal Ltda, apenas comunicar\u00e1 seus dados a terceiros caso tal comunica\u00e7\u00e3o seja necess\u00e1ria para a presta\u00e7\u00e3o de servi\u00e7os. <\/p>\n\t\t\t\t\t\t<\/div>\n\t\t\t\t<\/div>\n\t\t\t\t<div class=\"elementor-element elementor-element-bdf445a elementor-widget elementor-widget-text-editor\" data-id=\"bdf445a\" data-element_type=\"widget\" data-widget_type=\"text-editor.default\">\n\t\t\t\t<div class=\"elementor-widget-container\">\n\t\t\t\t\t\t\t<p><strong>Armazenamento de Dados<\/strong><\/p>\n<p>A Endutex Hot\u00e9is, Sociedade Unipessoal Ltda, manter\u00e1 os dados fornecidos enquanto durar a rela\u00e7\u00e3o contratual que motivou o seu tratamento ou durante os anos necess\u00e1rios para cumprir as obriga\u00e7\u00f5es legais, resolver responsabilidades que possam surgir, e enquanto o titular dos dados n\u00e3o exercer o seu direito de exclus\u00e3o ou oposi\u00e7\u00e3o ao tratamento.<\/p>\n\t\t\t\t\t\t<\/div>\n\t\t\t\t<\/div>\n\t\t\t\t<div class=\"elementor-element elementor-element-40319ba elementor-widget elementor-widget-text-editor\" data-id=\"40319ba\" data-element_type=\"widget\" data-widget_type=\"text-editor.default\">\n\t\t\t\t<div class=\"elementor-widget-container\">\n\t\t\t\t\t\t\t<p><strong>Direitos dos titulares de dados<\/strong><\/p>\n<p>Voc\u00ea ter\u00e1 todos os direitos de acesso, retifica\u00e7\u00e3o, exclus\u00e3o, oposi\u00e7\u00e3o, limita\u00e7\u00e3o de tratamento, portabilidade e de registrar reclama\u00e7\u00f5es que, conforme seus direitos, devem ser encaminhadas \u00e0 autoridade de controle correspondente. Para exercer esses direitos, envie diretamente para: rgpd@hotelmoov.com <\/p>\n<p>Se voc\u00ea quiser deixar de receber informa\u00e7\u00f5es comerciais da Endutex Hot\u00e9is, Sociedade Unipessoal Ltda, envie um e-mail para rgpd@hotelmoov.com com a palavra &#8216;Baixa&#8217; no assunto.<\/p>\n<p>Em caso de qualquer esclarecimento de d\u00favidas relacionadas com o nosso tratamento de dados, n\u00e3o hesite em escrever-nos para rgpd@hotelmoov.com<\/p>\n<p>Na Endutex Hot\u00e9is, Sociedade Unipessoal Lda, levamos sua privacidade muito a s\u00e9rio e agradecemos seu interesse em continuar recebendo nossas comunica\u00e7\u00f5es.<\/p>\t\t\t\t\t\t<\/div>\n\t\t\t\t<\/div>\n\t\t\t\t\t<\/div>\n\t\t\t\t<\/div>\n\t\t\t\t<\/div>\n\t\t","protected":false},"excerpt":{"rendered":"<p>Homepage Finalidade para a qual tratamos seus dados \u2219 Para manter a rela\u00e7\u00e3o contratual com nossos clientes, prestando os servi\u00e7os pr\u00f3prios da Endutex Hot\u00e9is, Sociedade Unipessoal Ltda;\u2219 Para entrar em contato com nossos clientes por e-mail;\u2219 Para informar nossos clientes sobre nossas atividades, campanhas, promo\u00e7\u00f5es, eventos, entre outros, que consideramos de interesse;\u2219 Para realizar pesquisas [&hellip;]<\/p>\n","protected":false},"author":4,"featured_media":0,"parent":0,"menu_order":0,"comment_status":"closed","ping_status":"closed","template":"elementor_header_footer","meta":{"_acf_changed":false,"footnotes":""},"class_list":["post-13210","page","type-page","status-publish","hentry"],"acf":[],"_links":{"self":[{"href":"https:\/\/hotelmoov.com\/pt-br\/wp-json\/wp\/v2\/pages\/13210","targetHints":{"allow":["GET"]}}],"collection":[{"href":"https:\/\/hotelmoov.com\/pt-br\/wp-json\/wp\/v2\/pages"}],"about":[{"href":"https:\/\/hotelmoov.com\/pt-br\/wp-json\/wp\/v2\/types\/page"}],"author":[{"embeddable":true,"href":"https:\/\/hotelmoov.com\/pt-br\/wp-json\/wp\/v2\/users\/4"}],"replies":[{"embeddable":true,"href":"https:\/\/hotelmoov.com\/pt-br\/wp-json\/wp\/v2\/comments?post=13210"}],"version-history":[{"count":4,"href":"https:\/\/hotelmoov.com\/pt-br\/wp-json\/wp\/v2\/pages\/13210\/revisions"}],"predecessor-version":[{"id":20077,"href":"https:\/\/hotelmoov.com\/pt-br\/wp-json\/wp\/v2\/pages\/13210\/revisions\/20077"}],"wp:attachment":[{"href":"https:\/\/hotelmoov.com\/pt-br\/wp-json\/wp\/v2\/media?parent=13210"}],"curies":[{"name":"wp","href":"https:\/\/api.w.org\/{rel}","templated":true}]}}