{"id":13205,"date":"2023-06-06T12:18:34","date_gmt":"2023-06-06T12:18:34","guid":{"rendered":"https:\/\/dev.hotelmoov.com\/politica-de-privacidade\/"},"modified":"2024-11-29T20:03:59","modified_gmt":"2024-11-29T20:03:59","slug":"politica-de-privacidade","status":"publish","type":"page","link":"https:\/\/hotelmoov.com\/pt-br\/politica-de-privacidade\/","title":{"rendered":"Pol\u00edtica de Privacidade"},"content":{"rendered":"\t\t<div data-elementor-type=\"wp-page\" data-elementor-id=\"13205\" class=\"elementor elementor-13205 elementor-3\" data-elementor-post-type=\"page\">\n\t\t\t\t<div class=\"elementor-element elementor-element-7173533 e-con-full elementor-hidden-mobile e-flex e-con e-parent\" data-id=\"7173533\" data-element_type=\"container\">\n\t\t\t\t<div class=\"elementor-element elementor-element-08ed355 elementor-icon-list--layout-inline elementor-align-left elementor-list-item-link-full_width elementor-widget elementor-widget-icon-list\" data-id=\"08ed355\" data-element_type=\"widget\" data-widget_type=\"icon-list.default\">\n\t\t\t\t<div class=\"elementor-widget-container\">\n\t\t\t<link rel=\"stylesheet\" href=\"https:\/\/hotelmoov.com\/wp-content\/plugins\/elementor\/assets\/css\/widget-icon-list.min.css\">\t\t<ul class=\"elementor-icon-list-items elementor-inline-items\">\n\t\t\t\t\t\t\t<li class=\"elementor-icon-list-item elementor-inline-item\">\n\t\t\t\t\t\t\t\t\t\t\t<a href=\"https:\/\/hotelmoov.com\/pt-br\/\">\n\n\t\t\t\t\t\t\t\t\t\t\t<span class=\"elementor-icon-list-text\">Homepage<\/span>\n\t\t\t\t\t\t\t\t\t\t\t<\/a>\n\t\t\t\t\t\t\t\t\t<\/li>\n\t\t\t\t\t\t\t\t<li class=\"elementor-icon-list-item elementor-inline-item\">\n\t\t\t\t\t\t\t\t\t\t<span class=\"elementor-icon-list-text\">\/ Pol\u00edtica de Privacidade<\/span>\n\t\t\t\t\t\t\t\t\t<\/li>\n\t\t\t\t\t\t<\/ul>\n\t\t\t\t<\/div>\n\t\t\t\t<\/div>\n\t\t\t\t<\/div>\n\t\t<div class=\"elementor-element elementor-element-e263800 e-flex e-con-boxed e-con e-parent\" data-id=\"e263800\" data-element_type=\"container\">\n\t\t\t\t\t<div class=\"e-con-inner\">\n\t\t\t\t<div class=\"elementor-element elementor-element-e7737c6 elementor-widget elementor-widget-theme-post-title elementor-page-title elementor-widget-heading\" data-id=\"e7737c6\" data-element_type=\"widget\" data-widget_type=\"theme-post-title.default\">\n\t\t\t\t<div class=\"elementor-widget-container\">\n\t\t\t<style>\/*! elementor - v3.23.0 - 05-08-2024 *\/\n.elementor-heading-title{padding:0;margin:0;line-height:1}.elementor-widget-heading .elementor-heading-title[class*=elementor-size-]>a{color:inherit;font-size:inherit;line-height:inherit}.elementor-widget-heading .elementor-heading-title.elementor-size-small{font-size:15px}.elementor-widget-heading .elementor-heading-title.elementor-size-medium{font-size:19px}.elementor-widget-heading .elementor-heading-title.elementor-size-large{font-size:29px}.elementor-widget-heading .elementor-heading-title.elementor-size-xl{font-size:39px}.elementor-widget-heading .elementor-heading-title.elementor-size-xxl{font-size:59px}<\/style><h1 class=\"elementor-heading-title elementor-size-default\">Pol\u00edtica de Privacidade<\/h1>\t\t<\/div>\n\t\t\t\t<\/div>\n\t\t\t\t<div class=\"elementor-element elementor-element-afd7e6e elementor-widget elementor-widget-text-editor\" data-id=\"afd7e6e\" data-element_type=\"widget\" data-widget_type=\"text-editor.default\">\n\t\t\t\t<div class=\"elementor-widget-container\">\n\t\t\t<style>\/*! elementor - v3.23.0 - 05-08-2024 *\/\n.elementor-widget-text-editor.elementor-drop-cap-view-stacked .elementor-drop-cap{background-color:#69727d;color:#fff}.elementor-widget-text-editor.elementor-drop-cap-view-framed .elementor-drop-cap{color:#69727d;border:3px solid;background-color:transparent}.elementor-widget-text-editor:not(.elementor-drop-cap-view-default) .elementor-drop-cap{margin-top:8px}.elementor-widget-text-editor:not(.elementor-drop-cap-view-default) .elementor-drop-cap-letter{width:1em;height:1em}.elementor-widget-text-editor .elementor-drop-cap{float:left;text-align:center;line-height:1;font-size:50px}.elementor-widget-text-editor .elementor-drop-cap-letter{display:inline-block}<\/style>\t\t\t\t<p>Bem-vindo ao site dos Hot\u00e9is MOOV em Portugal. Este website \u00e9 de propriedade do Grupo MOOV Hotels. Esta Pol\u00edtica de Privacidade foi criada para informar voc\u00ea sobre nossas regras em rela\u00e7\u00e3o \u00e0 coleta, uso e divulga\u00e7\u00e3o das informa\u00e7\u00f5es que voc\u00ea pode fornecer atrav\u00e9s deste site. Certifique-se de ler esta Pol\u00edtica de Privacidade at\u00e9 o final antes de usar o site ou enviar informa\u00e7\u00f5es para ele.   <\/p>\n\t\t\t\t\t\t<\/div>\n\t\t\t\t<\/div>\n\t\t\t\t<div class=\"elementor-element elementor-element-441835a elementor-widget elementor-widget-text-editor\" data-id=\"441835a\" data-element_type=\"widget\" data-widget_type=\"text-editor.default\">\n\t\t\t\t<div class=\"elementor-widget-container\">\n\t\t\t\t\t\t\t<p><strong>O seu consentimento<\/strong><\/p>\n<p>Ao usar este site, voc\u00ea concorda com os termos desta Pol\u00edtica de Privacidade. Sempre que enviar informa\u00e7\u00f5es atrav\u00e9s deste site, voc\u00ea autoriza a coleta, uso e divulga\u00e7\u00e3o dessas informa\u00e7\u00f5es de acordo com esta Pol\u00edtica de Privacidade. <\/p>\n\t\t\t\t\t\t<\/div>\n\t\t\t\t<\/div>\n\t\t\t\t<div class=\"elementor-element elementor-element-4a5ca38 elementor-widget elementor-widget-text-editor\" data-id=\"4a5ca38\" data-element_type=\"widget\" data-widget_type=\"text-editor.default\">\n\t\t\t\t<div class=\"elementor-widget-container\">\n\t\t\t\t\t\t\t<p><strong>Informa\u00e7\u00e3o fornecida por voc\u00ea<\/strong><\/p>\n<p>Algumas \u00e1reas deste site podem pedir que voc\u00ea forne\u00e7a dados pessoais para acessar \u00e1reas espec\u00edficas ou realizar determinadas a\u00e7\u00f5es (como participar de sorteios ou enviar um pedido de contato). Voc\u00ea ser\u00e1 informado sobre quais informa\u00e7\u00f5es s\u00e3o necess\u00e1rias e quais s\u00e3o opcionais. <\/p>\n\t\t\t\t\t\t<\/div>\n\t\t\t\t<\/div>\n\t\t\t\t<div class=\"elementor-element elementor-element-49fc7ed elementor-widget elementor-widget-text-editor\" data-id=\"49fc7ed\" data-element_type=\"widget\" data-widget_type=\"text-editor.default\">\n\t\t\t\t<div class=\"elementor-widget-container\">\n\t\t\t\t\t\t\t<p><strong>Coleta passiva de informa\u00e7\u00e3o<\/strong><\/p>\n<p>Enquanto voc\u00ea navega por este site, certas informa\u00e7\u00f5es an\u00f4nimas podem ser coletadas passivamente (ou seja, reunidas sem que voc\u00ea forne\u00e7a ativamente as informa\u00e7\u00f5es), usando v\u00e1rias tecnologias, como cookies, etiquetas de internet ou sinalizadores da web, e coleta de dados de navega\u00e7\u00e3o (arquivos de log, registros de servidores, sequ\u00eancia de cliques). Seu navegador da web transmite automaticamente algumas dessas informa\u00e7\u00f5es an\u00f4nimas para este site, como o URL do site de onde voc\u00ea veio, o endere\u00e7o IP (Protocolo de Internet) e a vers\u00e3o do navegador que seu computador est\u00e1 usando atualmente. Este site tamb\u00e9m pode coletar informa\u00e7\u00f5es an\u00f4nimas do seu computador atrav\u00e9s de cookies e etiquetas de internet ou sinalizadores da web. Voc\u00ea pode configurar seu navegador para notific\u00e1-lo quando um cookie \u00e9 enviado ou para recusar todos os cookies, mas algumas funcionalidades deste site podem n\u00e3o funcionar sem cookies.   <\/p>\n\t\t\t\t\t\t<\/div>\n\t\t\t\t<\/div>\n\t\t\t\t<div class=\"elementor-element elementor-element-a2daa4f elementor-widget elementor-widget-text-editor\" data-id=\"a2daa4f\" data-element_type=\"widget\" data-widget_type=\"text-editor.default\">\n\t\t\t\t<div class=\"elementor-widget-container\">\n\t\t\t\t\t\t\t<p><strong>Uso e divulga\u00e7\u00e3o de informa\u00e7\u00e3o<\/strong><\/p>\n<p>Salvo indica\u00e7\u00e3o em contr\u00e1rio, podemos usar as informa\u00e7\u00f5es coletadas atrav\u00e9s deste site para melhorar o conte\u00fado do nosso site, adaptar o site \u00e0s suas prefer\u00eancias, comunicar informa\u00e7\u00f5es a voc\u00ea (se solicitado), para nossos fins publicit\u00e1rios e de pesquisa, e para qualquer outro prop\u00f3sito especificado. Al\u00e9m disso, podemos utilizar plenamente todas as informa\u00e7\u00f5es adquiridas atrav\u00e9s deste site que n\u00e3o sejam identific\u00e1veis pessoalmente. Se voc\u00ea fornecer dados pessoais a este site, podemos combinar essas informa\u00e7\u00f5es com outras informa\u00e7\u00f5es coletadas ativamente, a menos que especificado de outra forma no momento da coleta. Podemos divulgar informa\u00e7\u00f5es pessoais identific\u00e1veis fornecidas atrav\u00e9s deste site a outras unidades do Grupo MOOV que concordem em tratar essas informa\u00e7\u00f5es de acordo com esta Pol\u00edtica de Privacidade e us\u00e1-las para os mesmos fins. Tamb\u00e9m podemos divulgar dados pessoais fornecidos atrav\u00e9s deste site a terceiros, mas apenas:    <\/p>\n<p>A fornecedores que usamos para apoiar nosso neg\u00f3cio (como servi\u00e7os de atendimento, suporte t\u00e9cnico, servi\u00e7os de entrega e institui\u00e7\u00f5es financeiras), exigindo que esses terceiros concordem em tratar essas informa\u00e7\u00f5es de acordo com esta Pol\u00edtica de Privacidade e us\u00e1-las para os mesmos fins;<\/p>\n<p>Em conex\u00e3o com a venda, cess\u00e3o ou outra transfer\u00eancia do neg\u00f3cio deste site, com o qual as informa\u00e7\u00f5es est\u00e3o relacionadas, exigindo que os compradores concordem em tratar essas informa\u00e7\u00f5es de acordo com esta Pol\u00edtica de Privacidade e us\u00e1-las para os mesmos fins; ou<\/p>\n<p>Para atender a pedidos de aplica\u00e7\u00e3o da lei ou, quando necess\u00e1rio, conforme as leis aplic\u00e1veis, ordens judiciais ou regulamentos governamentais. A coleta, uso e divulga\u00e7\u00e3o de informa\u00e7\u00f5es descritas nesta Pol\u00edtica de Privacidade podem envolver a transfer\u00eancia das informa\u00e7\u00f5es para jurisdi\u00e7\u00f5es fora do seu pa\u00eds de resid\u00eancia, que podem n\u00e3o ter leis e regras equivalentes sobre informa\u00e7\u00f5es pessoais identific\u00e1veis. Nesses casos, ser\u00e1 solicitada a sua autoriza\u00e7\u00e3o para que tais transfer\u00eancias e divulga\u00e7\u00f5es sejam realizadas de acordo com esta Pol\u00edtica de Privacidade.  <\/p>\n\t\t\t\t\t\t<\/div>\n\t\t\t\t<\/div>\n\t\t\t\t<div class=\"elementor-element elementor-element-b5408c8 elementor-widget elementor-widget-text-editor\" data-id=\"b5408c8\" data-element_type=\"widget\" data-widget_type=\"text-editor.default\">\n\t\t\t\t<div class=\"elementor-widget-container\">\n\t\t\t\t\t\t\t<p><strong>Acesso, Corre\u00e7\u00e3o e Exclus\u00e3o<\/strong><\/p>\n<p>Para manter as informa\u00e7\u00f5es pessoais identific\u00e1veis que voc\u00ea fornece atrav\u00e9s deste site corretas, atualizadas e completas, entre em contato conosco conforme indicado abaixo. Tomaremos as medidas apropriadas para atualizar ou corrigir essas informa\u00e7\u00f5es em nossa posse ou para remover suas informa\u00e7\u00f5es da nossa lista de contatos.<\/p>\n\t\t\t\t\t\t<\/div>\n\t\t\t\t<\/div>\n\t\t\t\t<div class=\"elementor-element elementor-element-87d04d7 elementor-widget elementor-widget-text-editor\" data-id=\"87d04d7\" data-element_type=\"widget\" data-widget_type=\"text-editor.default\">\n\t\t\t\t<div class=\"elementor-widget-container\">\n\t\t\t\t\t\t\t<p><strong>Links para outros websites<\/strong><\/p>\n<p>Este site pode conter links ou refer\u00eancias para outros sites aos quais esta Pol\u00edtica de Privacidade n\u00e3o se aplica.<\/p>\n\t\t\t\t\t\t<\/div>\n\t\t\t\t<\/div>\n\t\t\t\t<div class=\"elementor-element elementor-element-6db5986 elementor-widget elementor-widget-text-editor\" data-id=\"6db5986\" data-element_type=\"widget\" data-widget_type=\"text-editor.default\">\n\t\t\t\t<div class=\"elementor-widget-container\">\n\t\t\t\t\t\t\t<p><strong>Como entrar em contacto<\/strong><\/p>\n<p>Sempre que um usu\u00e1rio tiver d\u00favidas, quiser fazer coment\u00e1rios ou precisar de esclarecimentos sobre esta Pol\u00edtica de Privacidade ou sobre as pr\u00e1ticas de informa\u00e7\u00e3o deste site, deve entrar em contato conosco pelo seguinte endere\u00e7o:<\/p>\n<p>Endutex Hoteis Sociedade Unipessoal, Lda<br \/>Rua Baiona n\u00ba 22<br \/>4795-784 Vilarinho STS<\/p>\n<p>Email: rgpd@hotelmoov.com<\/p>\n\t\t\t\t\t\t<\/div>\n\t\t\t\t<\/div>\n\t\t\t\t<div class=\"elementor-element elementor-element-a32c7fe elementor-widget elementor-widget-text-editor\" data-id=\"a32c7fe\" data-element_type=\"widget\" data-widget_type=\"text-editor.default\">\n\t\t\t\t<div class=\"elementor-widget-container\">\n\t\t\t\t\t\t\t<p><strong>Altera\u00e7\u00f5es a esta Pol\u00edtica de Privacidade<\/strong><\/p>\n<p>Sempre que houver altera\u00e7\u00f5es a esta Pol\u00edtica de Privacidade, a vers\u00e3o atualizada ser\u00e1 publicada neste site. Os usu\u00e1rios devem verificar periodicamente nossa Pol\u00edtica de Privacidade, especialmente antes de fornecer qualquer informa\u00e7\u00e3o que possa identific\u00e1-los pessoalmente. Esta Pol\u00edtica de Privacidade foi atualizada pela \u00faltima vez em 19 de setembro de 2011.  <\/p>\n\t\t\t\t\t\t<\/div>\n\t\t\t\t<\/div>\n\t\t\t\t\t<\/div>\n\t\t\t\t<\/div>\n\t\t\t\t<\/div>\n\t\t","protected":false},"excerpt":{"rendered":"<p>Homepage Bem-vindo ao site dos Hot\u00e9is MOOV em Portugal. Este website \u00e9 de propriedade do Grupo MOOV Hotels. Esta Pol\u00edtica de Privacidade foi criada para informar voc\u00ea sobre nossas regras em rela\u00e7\u00e3o \u00e0 coleta, uso e divulga\u00e7\u00e3o das informa\u00e7\u00f5es que voc\u00ea pode fornecer atrav\u00e9s deste site. Certifique-se de ler esta Pol\u00edtica de Privacidade at\u00e9 o [&hellip;]<\/p>\n","protected":false},"author":4,"featured_media":0,"parent":0,"menu_order":0,"comment_status":"closed","ping_status":"closed","template":"elementor_header_footer","meta":{"_acf_changed":false,"footnotes":""},"class_list":["post-13205","page","type-page","status-publish","hentry"],"acf":[],"_links":{"self":[{"href":"https:\/\/hotelmoov.com\/pt-br\/wp-json\/wp\/v2\/pages\/13205","targetHints":{"allow":["GET"]}}],"collection":[{"href":"https:\/\/hotelmoov.com\/pt-br\/wp-json\/wp\/v2\/pages"}],"about":[{"href":"https:\/\/hotelmoov.com\/pt-br\/wp-json\/wp\/v2\/types\/page"}],"author":[{"embeddable":true,"href":"https:\/\/hotelmoov.com\/pt-br\/wp-json\/wp\/v2\/users\/4"}],"replies":[{"embeddable":true,"href":"https:\/\/hotelmoov.com\/pt-br\/wp-json\/wp\/v2\/comments?post=13205"}],"version-history":[{"count":5,"href":"https:\/\/hotelmoov.com\/pt-br\/wp-json\/wp\/v2\/pages\/13205\/revisions"}],"predecessor-version":[{"id":15524,"href":"https:\/\/hotelmoov.com\/pt-br\/wp-json\/wp\/v2\/pages\/13205\/revisions\/15524"}],"wp:attachment":[{"href":"https:\/\/hotelmoov.com\/pt-br\/wp-json\/wp\/v2\/media?parent=13205"}],"curies":[{"name":"wp","href":"https:\/\/api.w.org\/{rel}","templated":true}]}}