{"id":12999,"date":"2024-01-29T15:56:16","date_gmt":"2024-01-29T15:56:16","guid":{"rendered":"https:\/\/dev.hotelmoov.com\/corporate-confirmation\/"},"modified":"2024-11-29T19:58:59","modified_gmt":"2024-11-29T19:58:59","slug":"corporate-confirmation","status":"publish","type":"page","link":"https:\/\/hotelmoov.com\/pt-br\/corporate-confirmation\/","title":{"rendered":"Corporate Confirmation"},"content":{"rendered":"\t\t<div data-elementor-type=\"wp-page\" data-elementor-id=\"12999\" class=\"elementor elementor-12999 elementor-4850\" data-elementor-post-type=\"page\">\n\t\t\t\t<div class=\"elementor-element elementor-element-80c649c e-con-full e-flex e-con e-parent\" data-id=\"80c649c\" data-element_type=\"container\">\n\t\t\t\t<div class=\"elementor-element elementor-element-04daadb elementor-widget__width-initial elementor-widget-mobile__width-inherit elementor-widget elementor-widget-heading\" data-id=\"04daadb\" data-element_type=\"widget\" data-widget_type=\"heading.default\">\n\t\t\t\t<div class=\"elementor-widget-container\">\n\t\t\t<style>\/*! elementor - v3.23.0 - 05-08-2024 *\/\n.elementor-heading-title{padding:0;margin:0;line-height:1}.elementor-widget-heading .elementor-heading-title[class*=elementor-size-]>a{color:inherit;font-size:inherit;line-height:inherit}.elementor-widget-heading .elementor-heading-title.elementor-size-small{font-size:15px}.elementor-widget-heading .elementor-heading-title.elementor-size-medium{font-size:19px}.elementor-widget-heading .elementor-heading-title.elementor-size-large{font-size:29px}.elementor-widget-heading .elementor-heading-title.elementor-size-xl{font-size:39px}.elementor-widget-heading .elementor-heading-title.elementor-size-xxl{font-size:59px}<\/style><h2 class=\"elementor-heading-title elementor-size-default\">Obrigado pelo seu interesse no Moov Corporate!<\/h2>\t\t<\/div>\n\t\t\t\t<\/div>\n\t\t\t\t<div class=\"elementor-element elementor-element-b512906 elementor-widget__width-initial elementor-widget elementor-widget-heading\" data-id=\"b512906\" data-element_type=\"widget\" data-widget_type=\"heading.default\">\n\t\t\t\t<div class=\"elementor-widget-container\">\n\t\t\t<h5 class=\"elementor-heading-title elementor-size-default\">Recebemos seu formul\u00e1rio com sucesso. Seu pedido ser\u00e1 analisado e entraremos em contato em breve! <\/h5>\t\t<\/div>\n\t\t\t\t<\/div>\n\t\t<div class=\"elementor-element elementor-element-f442da8 e-con-full e-flex e-con e-child\" data-id=\"f442da8\" data-element_type=\"container\">\n\t\t\t\t<div class=\"elementor-element elementor-element-91d7e7a elementor-mobile-align-justify elementor-widget-mobile__width-inherit elementor-hidden-desktop elementor-hidden-tablet elementor-widget elementor-widget-button\" data-id=\"91d7e7a\" data-element_type=\"widget\" data-widget_type=\"button.default\">\n\t\t\t\t<div class=\"elementor-widget-container\">\n\t\t\t\t\t<div class=\"elementor-button-wrapper\">\n\t\t\t<a class=\"elementor-button elementor-button-link elementor-size-sm\" href=\"\/\">\n\t\t\t\t\t\t<span class=\"elementor-button-content-wrapper\">\n\t\t\t\t\t\t\t\t\t<span class=\"elementor-button-text\">Voltar \u00e0 homepage<\/span>\n\t\t\t\t\t<\/span>\n\t\t\t\t\t<\/a>\n\t\t<\/div>\n\t\t\t\t<\/div>\n\t\t\t\t<\/div>\n\t\t\t\t<div class=\"elementor-element elementor-element-44a6704 elementor-hidden-mobile elementor-widget elementor-widget-button\" data-id=\"44a6704\" data-element_type=\"widget\" data-widget_type=\"button.default\">\n\t\t\t\t<div class=\"elementor-widget-container\">\n\t\t\t\t\t<div class=\"elementor-button-wrapper\">\n\t\t\t<a class=\"elementor-button elementor-button-link elementor-size-sm\" href=\"\/\">\n\t\t\t\t\t\t<span class=\"elementor-button-content-wrapper\">\n\t\t\t\t\t\t\t\t\t<span class=\"elementor-button-text\">Voltar \u00e0 homepage<\/span>\n\t\t\t\t\t<\/span>\n\t\t\t\t\t<\/a>\n\t\t<\/div>\n\t\t\t\t<\/div>\n\t\t\t\t<\/div>\n\t\t\t\t<\/div>\n\t\t\t\t<\/div>\n\t\t\t\t<\/div>\n\t\t","protected":false},"excerpt":{"rendered":"<p>Obrigado pelo seu interesse no Moov Corporate! Recebemos seu formul\u00e1rio com sucesso. Seu pedido ser\u00e1 analisado e entraremos em contato em breve! Voltar \u00e0 homepage Voltar \u00e0 homepage<\/p>\n","protected":false},"author":4,"featured_media":0,"parent":0,"menu_order":0,"comment_status":"closed","ping_status":"closed","template":"","meta":{"_acf_changed":false,"footnotes":""},"class_list":["post-12999","page","type-page","status-publish","hentry"],"acf":[],"_links":{"self":[{"href":"https:\/\/hotelmoov.com\/pt-br\/wp-json\/wp\/v2\/pages\/12999","targetHints":{"allow":["GET"]}}],"collection":[{"href":"https:\/\/hotelmoov.com\/pt-br\/wp-json\/wp\/v2\/pages"}],"about":[{"href":"https:\/\/hotelmoov.com\/pt-br\/wp-json\/wp\/v2\/types\/page"}],"author":[{"embeddable":true,"href":"https:\/\/hotelmoov.com\/pt-br\/wp-json\/wp\/v2\/users\/4"}],"replies":[{"embeddable":true,"href":"https:\/\/hotelmoov.com\/pt-br\/wp-json\/wp\/v2\/comments?post=12999"}],"version-history":[{"count":7,"href":"https:\/\/hotelmoov.com\/pt-br\/wp-json\/wp\/v2\/pages\/12999\/revisions"}],"predecessor-version":[{"id":15431,"href":"https:\/\/hotelmoov.com\/pt-br\/wp-json\/wp\/v2\/pages\/12999\/revisions\/15431"}],"wp:attachment":[{"href":"https:\/\/hotelmoov.com\/pt-br\/wp-json\/wp\/v2\/media?parent=12999"}],"curies":[{"name":"wp","href":"https:\/\/api.w.org\/{rel}","templated":true}]}}