{"id":13217,"date":"2024-08-19T18:49:23","date_gmt":"2024-08-19T18:49:23","guid":{"rendered":"https:\/\/dev.hotelmoov.com\/rgpd\/"},"modified":"2025-03-05T13:14:48","modified_gmt":"2025-03-05T13:14:48","slug":"rgpd","status":"publish","type":"page","link":"https:\/\/hotelmoov.com\/fr\/rgpd\/","title":{"rendered":"RGPD"},"content":{"rendered":"\t\t<div data-elementor-type=\"wp-page\" data-elementor-id=\"13217\" class=\"elementor elementor-13217 elementor-11361\" data-elementor-post-type=\"page\">\n\t\t\t\t<div class=\"elementor-element elementor-element-576d50b e-con-full elementor-hidden-mobile e-flex e-con e-parent\" data-id=\"576d50b\" data-element_type=\"container\">\n\t\t\t\t<div class=\"elementor-element elementor-element-d3843ce elementor-icon-list--layout-inline elementor-align-left elementor-list-item-link-full_width elementor-widget elementor-widget-icon-list\" data-id=\"d3843ce\" data-element_type=\"widget\" data-widget_type=\"icon-list.default\">\n\t\t\t\t<div class=\"elementor-widget-container\">\n\t\t\t<link rel=\"stylesheet\" href=\"https:\/\/hotelmoov.com\/wp-content\/plugins\/elementor\/assets\/css\/widget-icon-list.min.css\">\t\t<ul class=\"elementor-icon-list-items elementor-inline-items\">\n\t\t\t\t\t\t\t<li class=\"elementor-icon-list-item elementor-inline-item\">\n\t\t\t\t\t\t\t\t\t\t\t<a href=\"https:\/\/hotelmoov.com\/fr\/\">\n\n\t\t\t\t\t\t\t\t\t\t\t<span class=\"elementor-icon-list-text\">Homepage<\/span>\n\t\t\t\t\t\t\t\t\t\t\t<\/a>\n\t\t\t\t\t\t\t\t\t<\/li>\n\t\t\t\t\t\t\t\t<li class=\"elementor-icon-list-item elementor-inline-item\">\n\t\t\t\t\t\t\t\t\t\t<span class=\"elementor-icon-list-text\">\/ RGPD<\/span>\n\t\t\t\t\t\t\t\t\t<\/li>\n\t\t\t\t\t\t<\/ul>\n\t\t\t\t<\/div>\n\t\t\t\t<\/div>\n\t\t\t\t<\/div>\n\t\t<div class=\"elementor-element elementor-element-0808e7d e-flex e-con-boxed e-con e-parent\" data-id=\"0808e7d\" data-element_type=\"container\">\n\t\t\t\t\t<div class=\"e-con-inner\">\n\t\t\t\t<div class=\"elementor-element elementor-element-fe4aed8 elementor-widget elementor-widget-theme-post-title elementor-page-title elementor-widget-heading\" data-id=\"fe4aed8\" data-element_type=\"widget\" data-widget_type=\"theme-post-title.default\">\n\t\t\t\t<div class=\"elementor-widget-container\">\n\t\t\t<style>\/*! elementor - v3.23.0 - 05-08-2024 *\/\n.elementor-heading-title{padding:0;margin:0;line-height:1}.elementor-widget-heading .elementor-heading-title[class*=elementor-size-]>a{color:inherit;font-size:inherit;line-height:inherit}.elementor-widget-heading .elementor-heading-title.elementor-size-small{font-size:15px}.elementor-widget-heading .elementor-heading-title.elementor-size-medium{font-size:19px}.elementor-widget-heading .elementor-heading-title.elementor-size-large{font-size:29px}.elementor-widget-heading .elementor-heading-title.elementor-size-xl{font-size:39px}.elementor-widget-heading .elementor-heading-title.elementor-size-xxl{font-size:59px}<\/style><h1 class=\"elementor-heading-title elementor-size-default\">RGPD<\/h1>\t\t<\/div>\n\t\t\t\t<\/div>\n\t\t\t\t<div class=\"elementor-element elementor-element-79ad011 elementor-widget elementor-widget-text-editor\" data-id=\"79ad011\" data-element_type=\"widget\" data-widget_type=\"text-editor.default\">\n\t\t\t\t<div class=\"elementor-widget-container\">\n\t\t\t<style>\/*! elementor - v3.23.0 - 05-08-2024 *\/\n.elementor-widget-text-editor.elementor-drop-cap-view-stacked .elementor-drop-cap{background-color:#69727d;color:#fff}.elementor-widget-text-editor.elementor-drop-cap-view-framed .elementor-drop-cap{color:#69727d;border:3px solid;background-color:transparent}.elementor-widget-text-editor:not(.elementor-drop-cap-view-default) .elementor-drop-cap{margin-top:8px}.elementor-widget-text-editor:not(.elementor-drop-cap-view-default) .elementor-drop-cap-letter{width:1em;height:1em}.elementor-widget-text-editor .elementor-drop-cap{float:left;text-align:center;line-height:1;font-size:50px}.elementor-widget-text-editor .elementor-drop-cap-letter{display:inline-block}<\/style>\t\t\t\t<p><strong>Finalit\u00e9 du traitement des donn\u00e9es<\/strong><\/p>\n<p>\u2219 Pour maintenir la relation contractuelle avec nos clients, pour la fourniture des services propres \u00e0 Endutex Hot\u00e9is, Sociedade Unipessoal Lda ;<br \/>\u2219 Pour pouvoir contacter nos clients par courrier \u00e9lectronique ;<br \/>\u2219 Informer nos clients de nos activit\u00e9s, campagnes, promotions, \u00e9v\u00e9nements, entre autres, que nous consid\u00e9rons comme int\u00e9ressants ;<br \/>\u2219 R\u00e9aliser des questionnaires sur la qualit\u00e9 des services que nous offrons, ainsi que des actions de fid\u00e9lisation.<\/p>\n\t\t\t\t\t\t<\/div>\n\t\t\t\t<\/div>\n\t\t\t\t<div class=\"elementor-element elementor-element-42c3798 elementor-widget elementor-widget-text-editor\" data-id=\"42c3798\" data-element_type=\"widget\" data-widget_type=\"text-editor.default\">\n\t\t\t\t<div class=\"elementor-widget-container\">\n\t\t\t\t\t\t\t<p><strong>Base l\u00e9gitime du traitement<\/strong><\/p>\n<p>La base l\u00e9gitime du traitement est l&rsquo;ex\u00e9cution de la relation contractuelle ou pr\u00e9contractuelle \u00e9tablie avec nos clients, ainsi que le consentement accord\u00e9 et, \u00e0 d\u00e9faut, l&rsquo;int\u00e9r\u00eat l\u00e9gitime \u00e0 envoyer les informations que nous consid\u00e9rons comme int\u00e9ressantes.<\/p>\n\t\t\t\t\t\t<\/div>\n\t\t\t\t<\/div>\n\t\t\t\t<div class=\"elementor-element elementor-element-283a602 elementor-widget elementor-widget-text-editor\" data-id=\"283a602\" data-element_type=\"widget\" data-widget_type=\"text-editor.default\">\n\t\t\t\t<div class=\"elementor-widget-container\">\n\t\t\t\t\t\t\t<p><strong>Communications aux tiers, Confidentialit\u00e9<\/strong><\/p>\n<p>Veuillez noter qu&rsquo;Endutex Hot\u00e9is, Sociedade Unipessoal Lda, ne communique pas vos donn\u00e9es \u00e0 des tiers et maintient une confidentialit\u00e9 absolue en ce qui concerne les informations relatives \u00e0 ses contacts ou clients. Endutex Hot\u00e9is, Sociedade Unipessoal Lda, ne communiquera vos donn\u00e9es \u00e0 des tiers que si cette communication est n\u00e9cessaire \u00e0 la prestation de services. <\/p>\n\t\t\t\t\t\t<\/div>\n\t\t\t\t<\/div>\n\t\t\t\t<div class=\"elementor-element elementor-element-bdf445a elementor-widget elementor-widget-text-editor\" data-id=\"bdf445a\" data-element_type=\"widget\" data-widget_type=\"text-editor.default\">\n\t\t\t\t<div class=\"elementor-widget-container\">\n\t\t\t\t\t\t\t<p><strong>Conservation des Donn\u00e9es<\/strong><\/p>\n<p>Endutex Hot\u00e9is, Sociedade Unipessoal Lda, conservera les donn\u00e9es fournies tant que la relation contractuelle qui a motiv\u00e9 leur traitement sera maintenue ou pendant les ann\u00e9es n\u00e9cessaires \u00e0 l&rsquo;ex\u00e9cution des obligations l\u00e9gales, \u00e0 la r\u00e9solution des responsabilit\u00e9s qui peuvent survenir et tant que le destinataire n&rsquo;exercera pas son droit de suppression ou d&rsquo;opposition au traitement.<\/p>\n\t\t\t\t\t\t<\/div>\n\t\t\t\t<\/div>\n\t\t\t\t<div class=\"elementor-element elementor-element-40319ba elementor-widget elementor-widget-text-editor\" data-id=\"40319ba\" data-element_type=\"widget\" data-widget_type=\"text-editor.default\">\n\t\t\t\t<div class=\"elementor-widget-container\">\n\t\t\t\t\t\t\t<p><strong>Droits des personnes concern\u00e9es<\/strong><\/p>\n<p>Vous disposerez de tous les droits d&rsquo;acc\u00e8s, de rectification, d&rsquo;effacement, d&rsquo;opposition, de limitation du traitement, de portabilit\u00e9 et d&rsquo;enregistrement des r\u00e9clamations qui, conform\u00e9ment \u00e0 vos droits, doivent \u00eatre transmises \u00e0 l&rsquo;autorit\u00e9 de contr\u00f4le correspondante. Pour exercer ces droits, vous pouvez les adresser directement \u00e0 : rgpd@hotelmoov.com <\/p>\n<p>Si vous souhaitez ne plus recevoir d&rsquo;informations commerciales de la part d&rsquo;Endutex Hot\u00e9is, Sociedade Unipessoal Lda, veuillez nous envoyer un e-mail \u00e0 rgpd@hotelmoov.com avec le mot \u00ab\u00a0Baixa\u00a0\u00bb dans la ligne d&rsquo;objet.<\/p>\n<p>Si vous avez des questions concernant le traitement des donn\u00e9es, n&rsquo;h\u00e9sitez pas \u00e0 nous \u00e9crire \u00e0 rgpd@hotelmoov.com<\/p>\n<p>Endutex Hot\u00e9is, Sociedade Unipessoal Lda prend tr\u00e8s au s\u00e9rieux la protection de votre vie priv\u00e9e et vous remercie de l&rsquo;int\u00e9r\u00eat que vous portez \u00e0 nos communications.<\/p>\t\t\t\t\t\t<\/div>\n\t\t\t\t<\/div>\n\t\t\t\t\t<\/div>\n\t\t\t\t<\/div>\n\t\t\t\t<\/div>\n\t\t","protected":false},"excerpt":{"rendered":"<p>Homepage Finalit\u00e9 du traitement des donn\u00e9es \u2219 Pour maintenir la relation contractuelle avec nos clients, pour la fourniture des services propres \u00e0 Endutex Hot\u00e9is, Sociedade Unipessoal Lda ;\u2219 Pour pouvoir contacter nos clients par courrier \u00e9lectronique ;\u2219 Informer nos clients de nos activit\u00e9s, campagnes, promotions, \u00e9v\u00e9nements, entre autres, que nous consid\u00e9rons comme int\u00e9ressants ;\u2219 R\u00e9aliser [&hellip;]<\/p>\n","protected":false},"author":4,"featured_media":0,"parent":0,"menu_order":0,"comment_status":"closed","ping_status":"closed","template":"elementor_header_footer","meta":{"_acf_changed":false,"footnotes":""},"class_list":["post-13217","page","type-page","status-publish","hentry"],"acf":[],"_links":{"self":[{"href":"https:\/\/hotelmoov.com\/fr\/wp-json\/wp\/v2\/pages\/13217","targetHints":{"allow":["GET"]}}],"collection":[{"href":"https:\/\/hotelmoov.com\/fr\/wp-json\/wp\/v2\/pages"}],"about":[{"href":"https:\/\/hotelmoov.com\/fr\/wp-json\/wp\/v2\/types\/page"}],"author":[{"embeddable":true,"href":"https:\/\/hotelmoov.com\/fr\/wp-json\/wp\/v2\/users\/4"}],"replies":[{"embeddable":true,"href":"https:\/\/hotelmoov.com\/fr\/wp-json\/wp\/v2\/comments?post=13217"}],"version-history":[{"count":4,"href":"https:\/\/hotelmoov.com\/fr\/wp-json\/wp\/v2\/pages\/13217\/revisions"}],"predecessor-version":[{"id":20074,"href":"https:\/\/hotelmoov.com\/fr\/wp-json\/wp\/v2\/pages\/13217\/revisions\/20074"}],"wp:attachment":[{"href":"https:\/\/hotelmoov.com\/fr\/wp-json\/wp\/v2\/media?parent=13217"}],"curies":[{"name":"wp","href":"https:\/\/api.w.org\/{rel}","templated":true}]}}