{"id":13208,"date":"2023-06-06T12:18:34","date_gmt":"2023-06-06T12:18:34","guid":{"rendered":"https:\/\/dev.hotelmoov.com\/politique-de-confidentialite\/"},"modified":"2024-11-29T20:08:14","modified_gmt":"2024-11-29T20:08:14","slug":"politique-de-confidentialite","status":"publish","type":"page","link":"https:\/\/hotelmoov.com\/fr\/politique-de-confidentialite\/","title":{"rendered":"Politique de Confidentialit\u00e9"},"content":{"rendered":"\t\t<div data-elementor-type=\"wp-page\" data-elementor-id=\"13208\" class=\"elementor elementor-13208 elementor-3\" data-elementor-post-type=\"page\">\n\t\t\t\t<div class=\"elementor-element elementor-element-7173533 e-con-full elementor-hidden-mobile e-flex e-con e-parent\" data-id=\"7173533\" data-element_type=\"container\">\n\t\t\t\t<div class=\"elementor-element elementor-element-08ed355 elementor-icon-list--layout-inline elementor-align-left elementor-list-item-link-full_width elementor-widget elementor-widget-icon-list\" data-id=\"08ed355\" data-element_type=\"widget\" data-widget_type=\"icon-list.default\">\n\t\t\t\t<div class=\"elementor-widget-container\">\n\t\t\t<link rel=\"stylesheet\" href=\"https:\/\/hotelmoov.com\/wp-content\/plugins\/elementor\/assets\/css\/widget-icon-list.min.css\">\t\t<ul class=\"elementor-icon-list-items elementor-inline-items\">\n\t\t\t\t\t\t\t<li class=\"elementor-icon-list-item elementor-inline-item\">\n\t\t\t\t\t\t\t\t\t\t\t<a href=\"https:\/\/hotelmoov.com\/fr\/\">\n\n\t\t\t\t\t\t\t\t\t\t\t<span class=\"elementor-icon-list-text\">Homepage<\/span>\n\t\t\t\t\t\t\t\t\t\t\t<\/a>\n\t\t\t\t\t\t\t\t\t<\/li>\n\t\t\t\t\t\t\t\t<li class=\"elementor-icon-list-item elementor-inline-item\">\n\t\t\t\t\t\t\t\t\t\t<span class=\"elementor-icon-list-text\">\/ Politique de Confidentialit\u00e9<\/span>\n\t\t\t\t\t\t\t\t\t<\/li>\n\t\t\t\t\t\t<\/ul>\n\t\t\t\t<\/div>\n\t\t\t\t<\/div>\n\t\t\t\t<\/div>\n\t\t<div class=\"elementor-element elementor-element-e263800 e-flex e-con-boxed e-con e-parent\" data-id=\"e263800\" data-element_type=\"container\">\n\t\t\t\t\t<div class=\"e-con-inner\">\n\t\t\t\t<div class=\"elementor-element elementor-element-e7737c6 elementor-widget elementor-widget-theme-post-title elementor-page-title elementor-widget-heading\" data-id=\"e7737c6\" data-element_type=\"widget\" data-widget_type=\"theme-post-title.default\">\n\t\t\t\t<div class=\"elementor-widget-container\">\n\t\t\t<style>\/*! elementor - v3.23.0 - 05-08-2024 *\/\n.elementor-heading-title{padding:0;margin:0;line-height:1}.elementor-widget-heading .elementor-heading-title[class*=elementor-size-]>a{color:inherit;font-size:inherit;line-height:inherit}.elementor-widget-heading .elementor-heading-title.elementor-size-small{font-size:15px}.elementor-widget-heading .elementor-heading-title.elementor-size-medium{font-size:19px}.elementor-widget-heading .elementor-heading-title.elementor-size-large{font-size:29px}.elementor-widget-heading .elementor-heading-title.elementor-size-xl{font-size:39px}.elementor-widget-heading .elementor-heading-title.elementor-size-xxl{font-size:59px}<\/style><h1 class=\"elementor-heading-title elementor-size-default\">Politique de Confidentialit\u00e9<\/h1>\t\t<\/div>\n\t\t\t\t<\/div>\n\t\t\t\t<div class=\"elementor-element elementor-element-afd7e6e elementor-widget elementor-widget-text-editor\" data-id=\"afd7e6e\" data-element_type=\"widget\" data-widget_type=\"text-editor.default\">\n\t\t\t\t<div class=\"elementor-widget-container\">\n\t\t\t<style>\/*! elementor - v3.23.0 - 05-08-2024 *\/\n.elementor-widget-text-editor.elementor-drop-cap-view-stacked .elementor-drop-cap{background-color:#69727d;color:#fff}.elementor-widget-text-editor.elementor-drop-cap-view-framed .elementor-drop-cap{color:#69727d;border:3px solid;background-color:transparent}.elementor-widget-text-editor:not(.elementor-drop-cap-view-default) .elementor-drop-cap{margin-top:8px}.elementor-widget-text-editor:not(.elementor-drop-cap-view-default) .elementor-drop-cap-letter{width:1em;height:1em}.elementor-widget-text-editor .elementor-drop-cap{float:left;text-align:center;line-height:1;font-size:50px}.elementor-widget-text-editor .elementor-drop-cap-letter{display:inline-block}<\/style>\t\t\t\t<p>Bienvenue sur le site web de MOOV Hotels au Portugal. Ce site est la propri\u00e9t\u00e9 du groupe MOOV Hotels. La pr\u00e9sente politique de confidentialit\u00e9 est destin\u00e9e \u00e0 vous informer de nos r\u00e8gles concernant la collecte, l&rsquo;utilisation et la divulgation des informations que vous pouvez fournir par le biais de ce site Web. Veuillez vous assurer de lire cette politique de confidentialit\u00e9 jusqu&rsquo;au bout avant d&rsquo;utiliser ou de soumettre des informations sur ce site web.   <\/p>\n\t\t\t\t\t\t<\/div>\n\t\t\t\t<\/div>\n\t\t\t\t<div class=\"elementor-element elementor-element-441835a elementor-widget elementor-widget-text-editor\" data-id=\"441835a\" data-element_type=\"widget\" data-widget_type=\"text-editor.default\">\n\t\t\t\t<div class=\"elementor-widget-container\">\n\t\t\t\t\t\t\t<p><strong>Votre consentement<\/strong><\/p>\n<p>En utilisant ce site web, vous acceptez les termes de la pr\u00e9sente politique de confidentialit\u00e9. Chaque fois que vous soumettez des informations par l&rsquo;interm\u00e9diaire de ce site web, vous autorisez la collecte, l&rsquo;utilisation et la divulgation de ces informations conform\u00e9ment \u00e0 la pr\u00e9sente politique de protection de la vie priv\u00e9e. <\/p>\n\t\t\t\t\t\t<\/div>\n\t\t\t\t<\/div>\n\t\t\t\t<div class=\"elementor-element elementor-element-4a5ca38 elementor-widget elementor-widget-text-editor\" data-id=\"4a5ca38\" data-element_type=\"widget\" data-widget_type=\"text-editor.default\">\n\t\t\t\t<div class=\"elementor-widget-container\">\n\t\t\t\t\t\t\t<p><strong>Informations fournies par vous<\/strong><\/p>\n<p>Certaines parties de ce site web peuvent vous demander de soumettre des informations personnelles afin d&rsquo;acc\u00e9der \u00e0 des zones sp\u00e9cifiques ou d&rsquo;effectuer certaines actions (comme participer \u00e0 des concours ou soumettre une demande de contact). Vous serez inform\u00e9 des informations requises et de celles qui sont facultatives. <\/p>\n\t\t\t\t\t\t<\/div>\n\t\t\t\t<\/div>\n\t\t\t\t<div class=\"elementor-element elementor-element-49fc7ed elementor-widget elementor-widget-text-editor\" data-id=\"49fc7ed\" data-element_type=\"widget\" data-widget_type=\"text-editor.default\">\n\t\t\t\t<div class=\"elementor-widget-container\">\n\t\t\t\t\t\t\t<p><strong>Collecte passive d&rsquo;informations<\/strong><\/p>\n<p>Lorsque vous naviguez sur ce site web, certaines informations anonymes peuvent \u00eatre collect\u00e9es passivement (c&rsquo;est-\u00e0-dire sans que vous ne fournissiez activement l&rsquo;information), \u00e0 l&rsquo;aide de diverses technologies telles que les cookies, les balises internet ou les pixels invisibles et la collecte de donn\u00e9es de navigation (fichiers journaux, journaux de serveur, s\u00e9quences de clics). Votre navigateur Internet transmet automatiquement certaines de ces informations anonymes \u00e0 ce site, telles que l&rsquo;URL du site Internet d&rsquo;o\u00f9 vous venez, l&rsquo;adresse IP (Internet Protocol) et la version du navigateur que votre ordinateur utilise actuellement. Ce site web peut \u00e9galement collecter des informations anonymes \u00e0 partir de votre ordinateur par le biais de cookies et de balises internet ou web beacons. Vous pouvez configurer votre navigateur pour qu&rsquo;il vous avertisse de l&rsquo;envoi d&rsquo;un cookie ou pour qu&rsquo;il refuse tous les cookies, mais certaines fonctionnalit\u00e9s de ce site web peuvent ne pas fonctionner sans cookies.   <\/p>\n\t\t\t\t\t\t<\/div>\n\t\t\t\t<\/div>\n\t\t\t\t<div class=\"elementor-element elementor-element-a2daa4f elementor-widget elementor-widget-text-editor\" data-id=\"a2daa4f\" data-element_type=\"widget\" data-widget_type=\"text-editor.default\">\n\t\t\t\t<div class=\"elementor-widget-container\">\n\t\t\t\t\t\t\t<p><strong>Utilisation et diffusion de l&rsquo;information<\/strong><\/p>\n<p>Sauf indication contraire, nous pouvons utiliser les informations collect\u00e9es sur ce site web pour en am\u00e9liorer le contenu, pour l&rsquo;adapter \u00e0 vos pr\u00e9f\u00e9rences, pour vous communiquer des informations (si vous en avez fait la demande), \u00e0 des fins de publicit\u00e9 et de recherche, et pour toute autre fin sp\u00e9cifi\u00e9e. En outre, nous pouvons utiliser pleinement toutes les informations obtenues par l&rsquo;interm\u00e9diaire de ce site web qui ne se pr\u00e9sentent pas sous la forme d&rsquo;informations personnellement identifiables. Si vous fournissez des informations personnellement identifiables sur ce site web, nous pouvons combiner ces informations avec d&rsquo;autres informations collect\u00e9es activement, sauf indication contraire au moment de la collecte. Nous pouvons divulguer les informations d&rsquo;identification personnelle que vous fournissez par le biais de ce site web \u00e0 d&rsquo;autres unit\u00e9s du groupe MOOV qui acceptent de traiter ces informations conform\u00e9ment \u00e0 la pr\u00e9sente politique de confidentialit\u00e9 et de les utiliser aux m\u00eames fins. Nous pouvons \u00e9galement divulguer les informations personnellement identifiables que vous fournissez par le biais de ce site web \u00e0 des tiers, mais uniquement :    <\/p>\n<p>Aux fournisseurs auxquels nous faisons appel pour soutenir nos activit\u00e9s (tels que les services d&rsquo;ex\u00e9cution, l&rsquo;assistance technique, les services de livraison et les institutions financi\u00e8res), auquel cas nous demanderons \u00e0 ces tiers d&rsquo;accepter de traiter ces informations conform\u00e9ment \u00e0 la pr\u00e9sente politique de protection de la vie priv\u00e9e et de les utiliser aux m\u00eames fins;<\/p>\n<p>Dans le cadre de la vente, de la cession ou de tout autre transfert de l&rsquo;activit\u00e9 de ce site web \u00e0 laquelle les informations se rapportent, auquel cas nous demanderons aux acheteurs d&rsquo;accepter de traiter ces informations conform\u00e9ment \u00e0 la pr\u00e9sente politique de protection de la vie priv\u00e9e et de les utiliser aux m\u00eames fins ; ou<\/p>\n<p>Pour r\u00e9pondre aux demandes des autorit\u00e9s charg\u00e9es de l&rsquo;application de la loi ou, le cas \u00e9ch\u00e9ant, aux lois applicables, aux ordonnances des tribunaux ou aux r\u00e9glementations gouvernementales. La collecte, l&rsquo;utilisation et la divulgation des informations envisag\u00e9es dans la pr\u00e9sente politique de confidentialit\u00e9 peuvent impliquer un transfert des informations vers des juridictions situ\u00e9es en dehors de votre pays de r\u00e9sidence qui peuvent ne pas disposer de lois et de r\u00e8gles \u00e9quivalentes concernant les informations personnellement identifiables. Dans ce cas, il vous sera demand\u00e9 d&rsquo;autoriser ces transferts et divulgations conform\u00e9ment \u00e0 la pr\u00e9sente politique de confidentialit\u00e9.  <\/p>\n\t\t\t\t\t\t<\/div>\n\t\t\t\t<\/div>\n\t\t\t\t<div class=\"elementor-element elementor-element-b5408c8 elementor-widget elementor-widget-text-editor\" data-id=\"b5408c8\" data-element_type=\"widget\" data-widget_type=\"text-editor.default\">\n\t\t\t\t<div class=\"elementor-widget-container\">\n\t\t\t\t\t\t\t<p><strong>Acc\u00e8s, Correction et Suppression<\/strong><\/p>\n<p>Pour que les informations personnellement identifiables que vous fournissez par l&rsquo;interm\u00e9diaire de ce site web restent exactes, \u00e0 jour et compl\u00e8tes, veuillez nous contacter comme indiqu\u00e9 ci-dessous et nous prendrons les mesures appropri\u00e9es pour mettre \u00e0 jour ou corriger ces informations en notre possession, ou pour supprimer vos informations de notre liste de contacts.<\/p>\n\t\t\t\t\t\t<\/div>\n\t\t\t\t<\/div>\n\t\t\t\t<div class=\"elementor-element elementor-element-87d04d7 elementor-widget elementor-widget-text-editor\" data-id=\"87d04d7\" data-element_type=\"widget\" data-widget_type=\"text-editor.default\">\n\t\t\t\t<div class=\"elementor-widget-container\">\n\t\t\t\t\t\t\t<p><strong>Liens vers d&rsquo;autres sites web<\/strong><\/p>\n<p>Ce site web peut contenir des liens ou des r\u00e9f\u00e9rences \u00e0 d&rsquo;autres sites web auxquels la pr\u00e9sente politique de confidentialit\u00e9 ne s&rsquo;applique pas.<\/p>\n\t\t\t\t\t\t<\/div>\n\t\t\t\t<\/div>\n\t\t\t\t<div class=\"elementor-element elementor-element-6db5986 elementor-widget elementor-widget-text-editor\" data-id=\"6db5986\" data-element_type=\"widget\" data-widget_type=\"text-editor.default\">\n\t\t\t\t<div class=\"elementor-widget-container\">\n\t\t\t\t\t\t\t<p><strong>Comment nous contacter<\/strong><\/p>\n<p>Si un utilisateur a des questions, des commentaires ou des \u00e9claircissements \u00e0 propos de la pr\u00e9sente politique de confidentialit\u00e9 ou des pratiques d&rsquo;information de ce site web, il doit nous contacter \u00e0 l&rsquo;adresse suivante:<\/p>\n<p>Endutex Hoteis Sociedade Unipessoal, Lda<br \/>Rua Baiona n\u00ba 22<br \/>4795-784 Vilarinho STS<\/p>\n<p>Email: rgpd@hotelmoov.com<\/p>\n\t\t\t\t\t\t<\/div>\n\t\t\t\t<\/div>\n\t\t\t\t<div class=\"elementor-element elementor-element-a32c7fe elementor-widget elementor-widget-text-editor\" data-id=\"a32c7fe\" data-element_type=\"widget\" data-widget_type=\"text-editor.default\">\n\t\t\t\t<div class=\"elementor-widget-container\">\n\t\t\t\t\t\t\t<p><strong>Modifications de la pr\u00e9sente politique de protection de la vie priv\u00e9e<\/strong><\/p>\n<p>Chaque fois que des modifications seront apport\u00e9es \u00e0 la pr\u00e9sente politique de confidentialit\u00e9, la politique r\u00e9vis\u00e9e sera publi\u00e9e sur ce site web. Il est conseill\u00e9 aux utilisateurs de consulter r\u00e9guli\u00e8rement notre politique de confidentialit\u00e9, en particulier avant de fournir des informations personnellement identifiables. Cette politique de confidentialit\u00e9 a \u00e9t\u00e9 mise \u00e0 jour pour la derni\u00e8re fois le 19 septembre 2011.  <\/p>\n\t\t\t\t\t\t<\/div>\n\t\t\t\t<\/div>\n\t\t\t\t\t<\/div>\n\t\t\t\t<\/div>\n\t\t\t\t<\/div>\n\t\t","protected":false},"excerpt":{"rendered":"<p>Homepage Bienvenue sur le site web de MOOV Hotels au Portugal. Ce site est la propri\u00e9t\u00e9 du groupe MOOV Hotels. La pr\u00e9sente politique de confidentialit\u00e9 est destin\u00e9e \u00e0 vous informer de nos r\u00e8gles concernant la collecte, l&rsquo;utilisation et la divulgation des informations que vous pouvez fournir par le biais de ce site Web. Veuillez vous [&hellip;]<\/p>\n","protected":false},"author":4,"featured_media":0,"parent":0,"menu_order":0,"comment_status":"closed","ping_status":"closed","template":"elementor_header_footer","meta":{"_acf_changed":false,"footnotes":""},"class_list":["post-13208","page","type-page","status-publish","hentry"],"acf":[],"_links":{"self":[{"href":"https:\/\/hotelmoov.com\/fr\/wp-json\/wp\/v2\/pages\/13208","targetHints":{"allow":["GET"]}}],"collection":[{"href":"https:\/\/hotelmoov.com\/fr\/wp-json\/wp\/v2\/pages"}],"about":[{"href":"https:\/\/hotelmoov.com\/fr\/wp-json\/wp\/v2\/types\/page"}],"author":[{"embeddable":true,"href":"https:\/\/hotelmoov.com\/fr\/wp-json\/wp\/v2\/users\/4"}],"replies":[{"embeddable":true,"href":"https:\/\/hotelmoov.com\/fr\/wp-json\/wp\/v2\/comments?post=13208"}],"version-history":[{"count":3,"href":"https:\/\/hotelmoov.com\/fr\/wp-json\/wp\/v2\/pages\/13208\/revisions"}],"predecessor-version":[{"id":15520,"href":"https:\/\/hotelmoov.com\/fr\/wp-json\/wp\/v2\/pages\/13208\/revisions\/15520"}],"wp:attachment":[{"href":"https:\/\/hotelmoov.com\/fr\/wp-json\/wp\/v2\/media?parent=13208"}],"curies":[{"name":"wp","href":"https:\/\/api.w.org\/{rel}","templated":true}]}}