{"id":12878,"date":"2024-08-25T06:09:12","date_gmt":"2024-08-25T06:09:12","guid":{"rendered":"https:\/\/dev.hotelmoov.com\/application\/"},"modified":"2024-11-29T20:06:25","modified_gmt":"2024-11-29T20:06:25","slug":"application","status":"publish","type":"page","link":"https:\/\/hotelmoov.com\/fr\/application\/","title":{"rendered":"Application"},"content":{"rendered":"\t\t<div data-elementor-type=\"wp-page\" data-elementor-id=\"12878\" class=\"elementor elementor-12878 elementor-11964\" data-elementor-post-type=\"page\">\n\t\t\t\t<div class=\"elementor-element elementor-element-f591910 e-flex e-con-boxed e-con e-parent\" data-id=\"f591910\" data-element_type=\"container\">\n\t\t\t\t\t<div class=\"e-con-inner\">\n\t\t<div class=\"elementor-element elementor-element-839be4c e-con-full e-flex e-con e-child\" data-id=\"839be4c\" data-element_type=\"container\">\n\t\t\t\t<div class=\"elementor-element elementor-element-0c171ef elementor-hidden-desktop elementor-hidden-tablet elementor-widget elementor-widget-button\" data-id=\"0c171ef\" data-element_type=\"widget\" data-widget_type=\"button.default\">\n\t\t\t\t<div class=\"elementor-widget-container\">\n\t\t\t\t\t<div class=\"elementor-button-wrapper\">\n\t\t\t<a class=\"elementor-button elementor-button-link elementor-size-sm\" href=\"https:\/\/hotelmoov.com\/fr\/carrieres\/\">\n\t\t\t\t\t\t<span class=\"elementor-button-content-wrapper\">\n\t\t\t\t\t\t<span class=\"elementor-button-icon\">\n\t\t\t\t<i aria-hidden=\"true\" class=\"fas fa-chevron-left\"><\/i>\t\t\t<\/span>\n\t\t\t\t\t\t\t\t\t<span class=\"elementor-button-text\">Carri\u00e8res<\/span>\n\t\t\t\t\t<\/span>\n\t\t\t\t\t<\/a>\n\t\t<\/div>\n\t\t\t\t<\/div>\n\t\t\t\t<\/div>\n\t\t\t\t<div class=\"elementor-element elementor-element-53c0c9b custom-breadcrumb elementor-hidden-mobile elementor-widget elementor-widget-text-editor\" data-id=\"53c0c9b\" data-element_type=\"widget\" data-widget_type=\"text-editor.default\">\n\t\t\t\t<div class=\"elementor-widget-container\">\n\t\t\t<style>\/*! elementor - v3.23.0 - 05-08-2024 *\/\n.elementor-widget-text-editor.elementor-drop-cap-view-stacked .elementor-drop-cap{background-color:#69727d;color:#fff}.elementor-widget-text-editor.elementor-drop-cap-view-framed .elementor-drop-cap{color:#69727d;border:3px solid;background-color:transparent}.elementor-widget-text-editor:not(.elementor-drop-cap-view-default) .elementor-drop-cap{margin-top:8px}.elementor-widget-text-editor:not(.elementor-drop-cap-view-default) .elementor-drop-cap-letter{width:1em;height:1em}.elementor-widget-text-editor .elementor-drop-cap{float:left;text-align:center;line-height:1;font-size:50px}.elementor-widget-text-editor .elementor-drop-cap-letter{display:inline-block}<\/style>\t\t\t\t<p><a href=\"https:\/\/hotelmoov.com\/fr\/carrieres\/\">Application<\/a> \/ <strong><span style=\"text-decoration: underline;\">Carri\u00e8res<\/span><\/strong><\/p>\n\t\t\t\t\t\t<\/div>\n\t\t\t\t<\/div>\n\t\t\t\t<\/div>\n\t\t\t\t<div class=\"elementor-element elementor-element-cfef58b elementor-widget elementor-widget-heading\" data-id=\"cfef58b\" data-element_type=\"widget\" data-widget_type=\"heading.default\">\n\t\t\t\t<div class=\"elementor-widget-container\">\n\t\t\t<style>\/*! elementor - v3.23.0 - 05-08-2024 *\/\n.elementor-heading-title{padding:0;margin:0;line-height:1}.elementor-widget-heading .elementor-heading-title[class*=elementor-size-]>a{color:inherit;font-size:inherit;line-height:inherit}.elementor-widget-heading .elementor-heading-title.elementor-size-small{font-size:15px}.elementor-widget-heading .elementor-heading-title.elementor-size-medium{font-size:19px}.elementor-widget-heading .elementor-heading-title.elementor-size-large{font-size:29px}.elementor-widget-heading .elementor-heading-title.elementor-size-xl{font-size:39px}.elementor-widget-heading .elementor-heading-title.elementor-size-xxl{font-size:59px}<\/style><h4 class=\"elementor-heading-title elementor-size-default\">Vous souhaitez rejoindre l'\u00e9quipe Moov? <br> Remplissez le formulaire ci-dessous avec vos coordonn\u00e9es.<\/h4>\t\t<\/div>\n\t\t\t\t<\/div>\n\t\t\t\t\t<\/div>\n\t\t\t\t<\/div>\n\t\t<div class=\"elementor-element elementor-element-ed81dda carrier-form custom-form-con e-flex e-con-boxed e-con e-parent\" data-id=\"ed81dda\" data-element_type=\"container\">\n\t\t\t\t\t<div class=\"e-con-inner\">\n\t\t\t\t<div class=\"elementor-element elementor-element-94c7abf elementor-widget elementor-widget-wp-widget-gform_widget\" data-id=\"94c7abf\" data-element_type=\"widget\" data-widget_type=\"wp-widget-gform_widget.default\">\n\t\t\t\t<div class=\"elementor-widget-container\">\n\t\t\t<link rel='stylesheet' id='gform_basic-css' href='https:\/\/hotelmoov.com\/wp-content\/plugins\/gravityforms\/assets\/css\/dist\/basic.min.css?ver=2.8.16' media='all' \/>\n<link rel='stylesheet' id='gform_theme_components-css' href='https:\/\/hotelmoov.com\/wp-content\/plugins\/gravityforms\/assets\/css\/dist\/theme-components.min.css?ver=2.8.16' media='all' \/>\n<link rel='stylesheet' id='gform_theme_ie11-css' href='https:\/\/hotelmoov.com\/wp-content\/plugins\/gravityforms\/assets\/css\/dist\/theme-ie11.min.css?ver=2.8.16' media='all' \/>\n<link rel='stylesheet' id='gform_theme-css' href='https:\/\/hotelmoov.com\/wp-content\/plugins\/gravityforms\/assets\/css\/dist\/theme.min.css?ver=2.8.16' media='all' \/>\n<script src=\"https:\/\/hotelmoov.com\/wp-includes\/js\/dist\/dom-ready.min.js?ver=f77871ff7694fffea381\" id=\"wp-dom-ready-js\"><\/script>\n<script src=\"https:\/\/hotelmoov.com\/wp-includes\/js\/dist\/hooks.min.js?ver=4d63a3d491d11ffd8ac6\" id=\"wp-hooks-js\"><\/script>\n<script src=\"https:\/\/hotelmoov.com\/wp-includes\/js\/dist\/i18n.min.js?ver=5e580eb46a90c2b997e6\" id=\"wp-i18n-js\"><\/script>\n<script id=\"wp-i18n-js-after\">\nwp.i18n.setLocaleData( { 'text direction\\u0004ltr': [ 'ltr' ] } );\n<\/script>\n<script id=\"wp-a11y-js-translations\">\n( function( domain, translations ) {\n\tvar localeData = translations.locale_data[ domain ] || translations.locale_data.messages;\n\tlocaleData[\"\"].domain = domain;\n\twp.i18n.setLocaleData( localeData, domain );\n} )( \"default\", {\"translation-revision-date\":\"2026-01-20 09:40:54+0000\",\"generator\":\"GlotPress\\\/4.0.3\",\"domain\":\"messages\",\"locale_data\":{\"messages\":{\"\":{\"domain\":\"messages\",\"plural-forms\":\"nplurals=2; plural=n > 1;\",\"lang\":\"fr\"},\"Notifications\":[\"Notifications\"]}},\"comment\":{\"reference\":\"wp-includes\\\/js\\\/dist\\\/a11y.js\"}} );\n<\/script>\n<script src=\"https:\/\/hotelmoov.com\/wp-includes\/js\/dist\/a11y.min.js?ver=3156534cc54473497e14\" id=\"wp-a11y-js\"><\/script>\n<link rel='stylesheet' id='dashicons-css' href='https:\/\/hotelmoov.com\/wp-includes\/css\/dashicons.min.css?ver=6.8.5' media='all' \/>\n<script src=\"https:\/\/hotelmoov.com\/wp-includes\/js\/jquery\/jquery.min.js?ver=3.7.1\" id=\"jquery-core-js\"><\/script>\n<script src=\"https:\/\/hotelmoov.com\/wp-includes\/js\/jquery\/jquery-migrate.min.js?ver=3.4.1\" id=\"jquery-migrate-js\"><\/script>\n<script defer='defer' src=\"https:\/\/hotelmoov.com\/wp-content\/plugins\/gravityforms\/js\/jquery.json.min.js?ver=2.8.16\" id=\"gform_json-js\"><\/script>\n<script id=\"gform_gravityforms-js-extra\">\nvar gf_legacy = {\"is_legacy\":\"\"};\nvar gf_global = {\"gf_currency_config\":{\"name\":\"Dollar US\",\"symbol_left\":\"$\",\"symbol_right\":\"\",\"symbol_padding\":\"\",\"thousand_separator\":\",\",\"decimal_separator\":\".\",\"decimals\":2,\"code\":\"USD\"},\"base_url\":\"https:\\\/\\\/hotelmoov.com\\\/wp-content\\\/plugins\\\/gravityforms\",\"number_formats\":[],\"spinnerUrl\":\"https:\\\/\\\/hotelmoov.com\\\/wp-content\\\/plugins\\\/gravityforms\\\/images\\\/spinner.svg\",\"version_hash\":\"ad3992e88a10b5c61635e18b356b8993\",\"strings\":{\"newRowAdded\":\"Nouvelle ligne ajout\\u00e9e.\",\"rowRemoved\":\"Rang\\u00e9e supprim\\u00e9e\",\"formSaved\":\"Le formulaire a \\u00e9t\\u00e9 enregistr\\u00e9. Le contenu contient le lien pour retourner et terminer le formulaire.\"}};\n<\/script>\n<script defer='defer' src=\"https:\/\/hotelmoov.com\/wp-content\/plugins\/gravityforms\/js\/gravityforms.min.js?ver=2.8.16\" id=\"gform_gravityforms-js\"><\/script>\n<script defer='defer' src=\"https:\/\/www.google.com\/recaptcha\/api.js?hl=en&amp;ver=6.8.5#038;render=explicit\" id=\"gform_recaptcha-js\"><\/script>\n<script defer='defer' src=\"https:\/\/hotelmoov.com\/wp-content\/plugins\/gravityforms\/js\/placeholders.jquery.min.js?ver=2.8.16\" id=\"gform_placeholder-js\"><\/script>\n<script type=\"text\/javascript\">var gform;gform||(document.addEventListener(\"gform_main_scripts_loaded\",function(){gform.scriptsLoaded=!0}),window.addEventListener(\"DOMContentLoaded\",function(){gform.domLoaded=!0}),gform={domLoaded:!1,scriptsLoaded:!1,initializeOnLoaded:function(o){gform.domLoaded&&gform.scriptsLoaded?o():!gform.domLoaded&&gform.scriptsLoaded?window.addEventListener(\"DOMContentLoaded\",o):document.addEventListener(\"gform_main_scripts_loaded\",o)},hooks:{action:{},filter:{}},addAction:function(o,n,r,t){gform.addHook(\"action\",o,n,r,t)},addFilter:function(o,n,r,t){gform.addHook(\"filter\",o,n,r,t)},doAction:function(o){gform.doHook(\"action\",o,arguments)},applyFilters:function(o){return gform.doHook(\"filter\",o,arguments)},removeAction:function(o,n){gform.removeHook(\"action\",o,n)},removeFilter:function(o,n,r){gform.removeHook(\"filter\",o,n,r)},addHook:function(o,n,r,t,i){null==gform.hooks[o][n]&&(gform.hooks[o][n]=[]);var e=gform.hooks[o][n];null==i&&(i=n+\"_\"+e.length),gform.hooks[o][n].push({tag:i,callable:r,priority:t=null==t?10:t})},doHook:function(n,o,r){var t;if(r=Array.prototype.slice.call(r,1),null!=gform.hooks[n][o]&&((o=gform.hooks[n][o]).sort(function(o,n){return o.priority-n.priority}),o.forEach(function(o){\"function\"!=typeof(t=o.callable)&&(t=window[t]),\"action\"==n?t.apply(null,r):r[0]=t.apply(null,r)})),\"filter\"==n)return r[0]},removeHook:function(o,n,t,i){var r;null!=gform.hooks[o][n]&&(r=(r=gform.hooks[o][n]).filter(function(o,n,r){return!!(null!=i&&i!=o.tag||null!=t&&t!=o.priority)}),gform.hooks[o][n]=r)}});<\/script>\n                <div class='gf_browser_gecko gform_wrapper gravity-theme gform-theme--no-framework' data-form-theme='gravity-theme' data-form-index='0' id='gform_wrapper_5' ><div id='gf_5' class='gform_anchor' tabindex='-1'><\/div>\n                        <div class='gform_heading'>\n\t\t\t\t\t\t\t<p class='gform_required_legend'>\u00ab\u00a0<span class=\"gfield_required gfield_required_asterisk\">*<\/span>\u00a0\u00bb indique les champs n\u00e9cessaires<\/p>\n                        <\/div><form method='post' enctype='multipart\/form-data' target='gform_ajax_frame_5' id='gform_5'  action='\/fr\/wp-json\/wp\/v2\/pages\/12878#gf_5' data-formid='5' novalidate>\n                        <div class='gform-body gform_body'><div id='gform_fields_5' class='gform_fields top_label form_sublabel_below description_below validation_below'><div id=\"field_5_1\" class=\"gfield gfield--type-section gfield--input-type-section gsection field_sublabel_below gfield--no-description field_description_below field_validation_below gfield_visibility_visible\"  data-js-reload=\"field_5_1\" ><h3 class=\"gsection_title\">Informations sur l&#039;application<\/h3><\/div><div id=\"field_5_12\" class=\"gfield gfield--type-hidden gfield--input-type-hidden gfield--width-full gform_hidden field_sublabel_below gfield--no-description field_description_below field_validation_below gfield_visibility_visible\"  data-js-reload=\"field_5_12\" ><div class='ginput_container ginput_container_text'><input name='input_12' id='input_5_12' type='hidden' class='gform_hidden'  aria-invalid=\"false\" value='' \/><\/div><\/div><div id=\"field_5_3\" class=\"gfield gfield--type-text gfield--input-type-text gfield--width-half gfield_contains_required field_sublabel_below gfield--no-description field_description_below field_validation_below gfield_visibility_visible\"  data-js-reload=\"field_5_3\" ><label class='gfield_label gform-field-label' for='input_5_3'>Pr\u00e9nom<span class=\"gfield_required\"><span class=\"gfield_required gfield_required_asterisk\">*<\/span><\/span><\/label><div class='ginput_container ginput_container_text'><input name='input_3' id='input_5_3' type='text' value='' class='large'    placeholder='Compl\u00e9ter avec le pr\u00e9nom' aria-required=\"true\" aria-invalid=\"false\"   \/> <\/div><\/div><div id=\"field_5_4\" class=\"gfield gfield--type-text gfield--input-type-text gfield--width-half gfield_contains_required field_sublabel_below gfield--no-description field_description_below field_validation_below gfield_visibility_visible\"  data-js-reload=\"field_5_4\" ><label class='gfield_label gform-field-label' for='input_5_4'>Nom de famille<span class=\"gfield_required\"><span class=\"gfield_required gfield_required_asterisk\">*<\/span><\/span><\/label><div class='ginput_container ginput_container_text'><input name='input_4' id='input_5_4' type='text' value='' class='large'    placeholder='Compl\u00e9ter avec le nom de famille' aria-required=\"true\" aria-invalid=\"false\"   \/> <\/div><\/div><div id=\"field_5_5\" class=\"gfield gfield--type-email gfield--input-type-email gfield--width-half gfield_contains_required field_sublabel_below gfield--no-description field_description_below field_validation_below gfield_visibility_visible\"  data-js-reload=\"field_5_5\" ><label class='gfield_label gform-field-label' for='input_5_5'>Email<span class=\"gfield_required\"><span class=\"gfield_required gfield_required_asterisk\">*<\/span><\/span><\/label><div class='ginput_container ginput_container_email'>\n                            <input name='input_5' id='input_5_5' type='email' value='' class='large'   placeholder='Remplir l&#039;email' aria-required=\"true\" aria-invalid=\"false\"  \/>\n                        <\/div><\/div><div id=\"field_5_6\" class=\"gfield gfield--type-phone gfield--input-type-phone gfield--width-half gfield_contains_required field_sublabel_below gfield--no-description field_description_below field_validation_below gfield_visibility_visible\"  data-js-reload=\"field_5_6\" ><label class='gfield_label gform-field-label' for='input_5_6'>Contact T\u00e9l\u00e9phonique<span class=\"gfield_required\"><span class=\"gfield_required gfield_required_asterisk\">*<\/span><\/span><\/label><div class='ginput_container ginput_container_phone'><input name='input_6' id='input_5_6' type='tel' value='' class='large'  placeholder='000 000 000' aria-required=\"true\" aria-invalid=\"false\"   \/><\/div><\/div><div id=\"field_5_7\" class=\"gfield gfield--type-select gfield--input-type-select gfield--width-half gfield_contains_required field_sublabel_below gfield--no-description field_description_below field_validation_below gfield_visibility_visible\"  data-js-reload=\"field_5_7\" ><label class='gfield_label gform-field-label' for='input_5_7'>Pays<span class=\"gfield_required\"><span class=\"gfield_required gfield_required_asterisk\">*<\/span><\/span><\/label><div class='ginput_container ginput_container_select'><select name='input_7' id='input_5_7' class='large gfield_select'    aria-required=\"true\" aria-invalid=\"false\" ><option value='' selected='selected' class='gf_placeholder'>S\u00e9lectionner<\/option><option value='Portugal' >Portugal<\/option><option value='Br\u00e9sil' >Br\u00e9sil<\/option><\/select><\/div><\/div><div id=\"field_5_8\" class=\"gfield gfield--type-select gfield--input-type-select gfield--width-half gfield_contains_required field_sublabel_below gfield--no-description field_description_below field_validation_below gfield_visibility_visible\"  data-js-reload=\"field_5_8\" ><label class='gfield_label gform-field-label' for='input_5_8'>Localisation<span class=\"gfield_required\"><span class=\"gfield_required gfield_required_asterisk\">*<\/span><\/span><\/label><div class='ginput_container ginput_container_select'><select name='input_8' id='input_5_8' class='large gfield_select'    aria-required=\"true\" aria-invalid=\"false\" ><option value='' selected='selected' class='gf_placeholder'>S\u00e9lectionner<\/option><option value='Porto' >Porto<\/option><option value='Lisbonne' >Lisbonne<\/option><option value='Oeiras' >Oeiras<\/option><option value='\u00c9vora' >\u00c9vora<\/option><option value='Porto Alegre' >Porto Alegre<\/option><option value='Curitiba' >Curitiba<\/option><\/select><\/div><\/div><div id=\"field_5_14\" class=\"gfield gfield--type-text gfield--input-type-text gfield--width-half field_sublabel_below gfield--no-description field_description_below field_validation_below gfield_visibility_visible\"  data-js-reload=\"field_5_14\" ><label class='gfield_label gform-field-label' for='input_5_14'>Linkedin (Optionnel)<\/label><div class='ginput_container ginput_container_text'><input name='input_14' id='input_5_14' type='text' value='' class='large'    placeholder='Coller le link'  aria-invalid=\"false\"   \/> <\/div><\/div><div id=\"field_5_10\" class=\"gfield gfield--type-fileupload gfield--input-type-fileupload gfield--width-half gfield_contains_required field_sublabel_below gfield--no-description field_description_below field_validation_below gfield_visibility_visible\"  data-js-reload=\"field_5_10\" ><label class='gfield_label gform-field-label' for='input_5_10'>Joindre un CV<span class=\"gfield_required\"><span class=\"gfield_required gfield_required_asterisk\">*<\/span><\/span><\/label><div class='ginput_container ginput_container_fileupload'><input type='hidden' name='MAX_FILE_SIZE' value='5242880' \/><input name='input_10' id='input_5_10' type='file' class='large' aria-describedby=\"gfield_upload_rules_5_10\" onchange='javascript:gformValidateFileSize( this, 5242880 );'  \/><span class='gfield_description gform_fileupload_rules' id='gfield_upload_rules_5_10'>Taille max. des fichiers\u00a0: 5 MB.<\/span><div class='gfield_description validation_message gfield_validation_message validation_message--hidden-on-empty' id='live_validation_message_5_10'><\/div><\/div><\/div><div id=\"field_5_15\" class=\"gfield gfield--type-captcha gfield--input-type-captcha gfield--width-full field_sublabel_below gfield--no-description field_description_below field_validation_below gfield_visibility_visible\"  data-js-reload=\"field_5_15\" ><label class='gfield_label gform-field-label' for='input_5_15'>CAPTCHA<\/label><div id='input_5_15' class='ginput_container ginput_recaptcha' data-sitekey='6LfXgk8qAAAAAPbtJ5yqR0kb6HCTJn2zfni4ejU6'  data-theme='light' data-tabindex='0'  data-badge=''><\/div><\/div><\/div><\/div>\n        <div class='gform_footer top_label'> <button type=\"submit\" id=\"gform_submit_button_5\" class=\"gform_button button\" onclick='if(window[\"gf_submitting_5\"]){return false;}  if( !jQuery(\"#gform_5\")[0].checkValidity || jQuery(\"#gform_5\")[0].checkValidity()){window[\"gf_submitting_5\"]=true;}  ' onkeypress='if( event.keyCode == 13 ){ if(window[\"gf_submitting_5\"]){return false;} if( !jQuery(\"#gform_5\")[0].checkValidity || jQuery(\"#gform_5\")[0].checkValidity()){window[\"gf_submitting_5\"]=true;}  jQuery(\"#gform_5\").trigger(\"submit\",[true]); }'>Soumettre votre Candidature<\/button> <input type='hidden' name='gform_ajax' value='form_id=5&amp;title=&amp;description=&amp;tabindex=0&amp;theme=gravity-theme' \/>\n            <input type='hidden' class='gform_hidden' name='is_submit_5' value='1' \/>\n            <input type='hidden' class='gform_hidden' name='gform_submit' value='5' \/>\n            \n            <input type='hidden' class='gform_hidden' name='gform_unique_id' value='' \/>\n            <input type='hidden' class='gform_hidden' name='state_5' value='WyJ7XCI3XCI6W1wiNDhmZjljM2U4YzJlNzk2MTg3Yzg1MjczMDYwZWZiMTNcIixcIjM0NGUxZmIxODA3NzRiNTY3M2RmNzU5NGRkZWY1M2Q3XCJdLFwiOFwiOltcIjk2NjY1OGY2YmYzMDAxN2RhOWNlMzIyNTBjMDFkY2E3XCIsXCI5YzlkM2JlMjY5NDE1MzU2NTZlOWM1NTMzZDgyNDhlNlwiLFwiYzAyM2I0NWIxMjI0NGFkY2I5NWE1OWI5MzY3MTFmNDJcIixcIjUyMjE3YjEyYzExNDk2MGU2MmMwZDA0YmFhYjkxZjc0XCIsXCI0OWYxZDM0ZmEyNjI2MTBlNjkxZWQ0NmNmMjU0OTE5OFwiLFwiMzkzMjliY2FhNmFiNmJjOWZmYTZkYzE3YzMyOTJmOTdcIl19IiwiNGNkODcwYjFlNjYxOGJiM2MzNmUzMDY1ODZkNmNlZjEiXQ==' \/>\n            <input type='hidden' class='gform_hidden' name='gform_target_page_number_5' id='gform_target_page_number_5' value='0' \/>\n            <input type='hidden' class='gform_hidden' name='gform_source_page_number_5' id='gform_source_page_number_5' value='1' \/>\n            <input type='hidden' name='gform_field_values' value='' \/>\n            \n        <\/div>\n                        <\/form>\n                        <\/div>\n\t\t                <iframe style='display:none;width:0px;height:0px;' src='about:blank' name='gform_ajax_frame_5' id='gform_ajax_frame_5' title='Cette iframe contient la logique n\u00e9cessaire pour manipuler Gravity Forms avec Ajax.'><\/iframe>\n\t\t                <script>\ngform.initializeOnLoaded( function() {gformInitSpinner( 5, 'https:\/\/hotelmoov.com\/wp-content\/plugins\/gravityforms\/images\/spinner.svg', true );jQuery('#gform_ajax_frame_5').on('load',function(){var contents = jQuery(this).contents().find('*').html();var is_postback = contents.indexOf('GF_AJAX_POSTBACK') >= 0;if(!is_postback){return;}var form_content = jQuery(this).contents().find('#gform_wrapper_5');var is_confirmation = jQuery(this).contents().find('#gform_confirmation_wrapper_5').length > 0;var is_redirect = contents.indexOf('gformRedirect(){') >= 0;var is_form = form_content.length > 0 && ! is_redirect && ! is_confirmation;var mt = parseInt(jQuery('html').css('margin-top'), 10) + parseInt(jQuery('body').css('margin-top'), 10) + 100;if(is_form){jQuery('#gform_wrapper_5').html(form_content.html());if(form_content.hasClass('gform_validation_error')){jQuery('#gform_wrapper_5').addClass('gform_validation_error');} else {jQuery('#gform_wrapper_5').removeClass('gform_validation_error');}setTimeout( function() { \/* delay the scroll by 50 milliseconds to fix a bug in chrome *\/ jQuery(document).scrollTop(jQuery('#gform_wrapper_5').offset().top - mt); }, 50 );if(window['gformInitDatepicker']) {gformInitDatepicker();}if(window['gformInitPriceFields']) {gformInitPriceFields();}var current_page = jQuery('#gform_source_page_number_5').val();gformInitSpinner( 5, 'https:\/\/hotelmoov.com\/wp-content\/plugins\/gravityforms\/images\/spinner.svg', true );jQuery(document).trigger('gform_page_loaded', [5, current_page]);window['gf_submitting_5'] = false;}else if(!is_redirect){var confirmation_content = jQuery(this).contents().find('.GF_AJAX_POSTBACK').html();if(!confirmation_content){confirmation_content = contents;}jQuery('#gform_wrapper_5').replaceWith(confirmation_content);jQuery(document).scrollTop(jQuery('#gf_5').offset().top - mt);jQuery(document).trigger('gform_confirmation_loaded', [5]);window['gf_submitting_5'] = false;wp.a11y.speak(jQuery('#gform_confirmation_message_5').text());}else{jQuery('#gform_5').append(contents);if(window['gformRedirect']) {gformRedirect();}}jQuery(document).trigger(\"gform_pre_post_render\", [{ formId: \"5\", currentPage: \"current_page\", abort: function() { this.preventDefault(); } }]);                if (event && event.defaultPrevented) {                return;         }        const gformWrapperDiv = document.getElementById( \"gform_wrapper_5\" );        if ( gformWrapperDiv ) {            const visibilitySpan = document.createElement( \"span\" );            visibilitySpan.id = \"gform_visibility_test_5\";            gformWrapperDiv.insertAdjacentElement( \"afterend\", visibilitySpan );        }        const visibilityTestDiv = document.getElementById( \"gform_visibility_test_5\" );        let postRenderFired = false;                function triggerPostRender() {            if ( postRenderFired ) {                return;            }            postRenderFired = true;            jQuery( document ).trigger( 'gform_post_render', [5, current_page] );            gform.utils.trigger( { event: 'gform\/postRender', native: false, data: { formId: 5, currentPage: current_page } } );            if ( visibilityTestDiv ) {                visibilityTestDiv.parentNode.removeChild( visibilityTestDiv );            }        }        function debounce( func, wait, immediate ) {            var timeout;            return function() {                var context = this, args = arguments;                var later = function() {                    timeout = null;                    if ( !immediate ) func.apply( context, args );                };                var callNow = immediate && !timeout;                clearTimeout( timeout );                timeout = setTimeout( later, wait );                if ( callNow ) func.apply( context, args );            };        }        const debouncedTriggerPostRender = debounce( function() {            triggerPostRender();        }, 200 );        if ( visibilityTestDiv && visibilityTestDiv.offsetParent === null ) {            const observer = new MutationObserver( ( mutations ) => {                mutations.forEach( ( mutation ) => {                    if ( mutation.type === 'attributes' && visibilityTestDiv.offsetParent !== null ) {                        debouncedTriggerPostRender();                        observer.disconnect();                    }                });            });            observer.observe( document.body, {                attributes: true,                childList: false,                subtree: true,                attributeFilter: [ 'style', 'class' ],            });        } else {            triggerPostRender();        }    } );} );\n<\/script>\n\t\t<\/div>\n\t\t\t\t<\/div>\n\t\t\t\t\t<\/div>\n\t\t\t\t<\/div>\n\t\t\t\t<\/div>\n\t\t","protected":false},"excerpt":{"rendered":"<p>Carri\u00e8res Application \/ Carri\u00e8res Vous souhaitez rejoindre l&rsquo;\u00e9quipe Moov? Remplissez le formulaire ci-dessous avec vos coordonn\u00e9es.<\/p>\n","protected":false},"author":4,"featured_media":0,"parent":0,"menu_order":0,"comment_status":"closed","ping_status":"closed","template":"elementor_header_footer","meta":{"_acf_changed":false,"footnotes":""},"class_list":["post-12878","page","type-page","status-publish","hentry"],"acf":[],"_links":{"self":[{"href":"https:\/\/hotelmoov.com\/fr\/wp-json\/wp\/v2\/pages\/12878","targetHints":{"allow":["GET"]}}],"collection":[{"href":"https:\/\/hotelmoov.com\/fr\/wp-json\/wp\/v2\/pages"}],"about":[{"href":"https:\/\/hotelmoov.com\/fr\/wp-json\/wp\/v2\/types\/page"}],"author":[{"embeddable":true,"href":"https:\/\/hotelmoov.com\/fr\/wp-json\/wp\/v2\/users\/4"}],"replies":[{"embeddable":true,"href":"https:\/\/hotelmoov.com\/fr\/wp-json\/wp\/v2\/comments?post=12878"}],"version-history":[{"count":3,"href":"https:\/\/hotelmoov.com\/fr\/wp-json\/wp\/v2\/pages\/12878\/revisions"}],"predecessor-version":[{"id":15398,"href":"https:\/\/hotelmoov.com\/fr\/wp-json\/wp\/v2\/pages\/12878\/revisions\/15398"}],"wp:attachment":[{"href":"https:\/\/hotelmoov.com\/fr\/wp-json\/wp\/v2\/media?parent=12878"}],"curies":[{"name":"wp","href":"https:\/\/api.w.org\/{rel}","templated":true}]}}