{"id":12719,"date":"2024-08-19T18:49:23","date_gmt":"2024-08-19T18:49:23","guid":{"rendered":"https:\/\/dev.hotelmoov.com\/rgpd\/"},"modified":"2025-03-05T13:15:51","modified_gmt":"2025-03-05T13:15:51","slug":"rgpd","status":"publish","type":"page","link":"https:\/\/hotelmoov.com\/es\/rgpd\/","title":{"rendered":"RGPD"},"content":{"rendered":"\t\t<div data-elementor-type=\"wp-page\" data-elementor-id=\"12719\" class=\"elementor elementor-12719 elementor-11361\" data-elementor-post-type=\"page\">\n\t\t\t\t<div class=\"elementor-element elementor-element-576d50b e-con-full elementor-hidden-mobile e-flex e-con e-parent\" data-id=\"576d50b\" data-element_type=\"container\">\n\t\t\t\t<div class=\"elementor-element elementor-element-d3843ce elementor-icon-list--layout-inline elementor-align-left elementor-list-item-link-full_width elementor-widget elementor-widget-icon-list\" data-id=\"d3843ce\" data-element_type=\"widget\" data-widget_type=\"icon-list.default\">\n\t\t\t\t<div class=\"elementor-widget-container\">\n\t\t\t<link rel=\"stylesheet\" href=\"https:\/\/hotelmoov.com\/wp-content\/plugins\/elementor\/assets\/css\/widget-icon-list.min.css\">\t\t<ul class=\"elementor-icon-list-items elementor-inline-items\">\n\t\t\t\t\t\t\t<li class=\"elementor-icon-list-item elementor-inline-item\">\n\t\t\t\t\t\t\t\t\t\t\t<a href=\"https:\/\/hotelmoov.com\/es\/\">\n\n\t\t\t\t\t\t\t\t\t\t\t<span class=\"elementor-icon-list-text\">Homepage<\/span>\n\t\t\t\t\t\t\t\t\t\t\t<\/a>\n\t\t\t\t\t\t\t\t\t<\/li>\n\t\t\t\t\t\t\t\t<li class=\"elementor-icon-list-item elementor-inline-item\">\n\t\t\t\t\t\t\t\t\t\t<span class=\"elementor-icon-list-text\">\/ RGPD<\/span>\n\t\t\t\t\t\t\t\t\t<\/li>\n\t\t\t\t\t\t<\/ul>\n\t\t\t\t<\/div>\n\t\t\t\t<\/div>\n\t\t\t\t<\/div>\n\t\t<div class=\"elementor-element elementor-element-0808e7d e-flex e-con-boxed e-con e-parent\" data-id=\"0808e7d\" data-element_type=\"container\">\n\t\t\t\t\t<div class=\"e-con-inner\">\n\t\t\t\t<div class=\"elementor-element elementor-element-fe4aed8 elementor-widget elementor-widget-theme-post-title elementor-page-title elementor-widget-heading\" data-id=\"fe4aed8\" data-element_type=\"widget\" data-widget_type=\"theme-post-title.default\">\n\t\t\t\t<div class=\"elementor-widget-container\">\n\t\t\t<style>\/*! elementor - v3.23.0 - 05-08-2024 *\/\n.elementor-heading-title{padding:0;margin:0;line-height:1}.elementor-widget-heading .elementor-heading-title[class*=elementor-size-]>a{color:inherit;font-size:inherit;line-height:inherit}.elementor-widget-heading .elementor-heading-title.elementor-size-small{font-size:15px}.elementor-widget-heading .elementor-heading-title.elementor-size-medium{font-size:19px}.elementor-widget-heading .elementor-heading-title.elementor-size-large{font-size:29px}.elementor-widget-heading .elementor-heading-title.elementor-size-xl{font-size:39px}.elementor-widget-heading .elementor-heading-title.elementor-size-xxl{font-size:59px}<\/style><h1 class=\"elementor-heading-title elementor-size-default\">RGPD<\/h1>\t\t<\/div>\n\t\t\t\t<\/div>\n\t\t\t\t<div class=\"elementor-element elementor-element-79ad011 elementor-widget elementor-widget-text-editor\" data-id=\"79ad011\" data-element_type=\"widget\" data-widget_type=\"text-editor.default\">\n\t\t\t\t<div class=\"elementor-widget-container\">\n\t\t\t<style>\/*! elementor - v3.23.0 - 05-08-2024 *\/\n.elementor-widget-text-editor.elementor-drop-cap-view-stacked .elementor-drop-cap{background-color:#69727d;color:#fff}.elementor-widget-text-editor.elementor-drop-cap-view-framed .elementor-drop-cap{color:#69727d;border:3px solid;background-color:transparent}.elementor-widget-text-editor:not(.elementor-drop-cap-view-default) .elementor-drop-cap{margin-top:8px}.elementor-widget-text-editor:not(.elementor-drop-cap-view-default) .elementor-drop-cap-letter{width:1em;height:1em}.elementor-widget-text-editor .elementor-drop-cap{float:left;text-align:center;line-height:1;font-size:50px}.elementor-widget-text-editor .elementor-drop-cap-letter{display:inline-block}<\/style>\t\t\t\t<p><strong>Finalidad del tratamiento de sus datos<\/strong><\/p>\n<p>\u2219 Mantener la relaci\u00f3n contractual con nuestros clientes, para la prestaci\u00f3n de los servicios propios de Endutex Hot\u00e9is, Sociedade Unipessoal Lda;<br \/>\u2219 Poder contactar con nuestros clientes a trav\u00e9s del correo electr\u00f3nico;<br \/>\u2219 Informar a nuestros clientes sobre nuestras actividades, campa\u00f1as, promociones, eventos, entre otros, que consideremos de inter\u00e9s;<br \/>\u2219 Realizar cuestionarios sobre la calidad de los servicios que ofrecemos, as\u00ed como llevar a cabo acciones de fidelizaci\u00f3n.<\/p>\n\t\t\t\t\t\t<\/div>\n\t\t\t\t<\/div>\n\t\t\t\t<div class=\"elementor-element elementor-element-42c3798 elementor-widget elementor-widget-text-editor\" data-id=\"42c3798\" data-element_type=\"widget\" data-widget_type=\"text-editor.default\">\n\t\t\t\t<div class=\"elementor-widget-container\">\n\t\t\t\t\t\t\t<p><strong>Base leg\u00edtima del tratamiento<\/strong><\/p>\n<p>La base leg\u00edtima para el tratamiento es el cumplimiento de la relaci\u00f3n contractual o precontractual establecida con nuestros clientes, as\u00ed como el consentimiento otorgado y, en su defecto, el inter\u00e9s leg\u00edtimo en el env\u00edo de la informaci\u00f3n que consideremos de inter\u00e9s.<\/p>\n\t\t\t\t\t\t<\/div>\n\t\t\t\t<\/div>\n\t\t\t\t<div class=\"elementor-element elementor-element-283a602 elementor-widget elementor-widget-text-editor\" data-id=\"283a602\" data-element_type=\"widget\" data-widget_type=\"text-editor.default\">\n\t\t\t\t<div class=\"elementor-widget-container\">\n\t\t\t\t\t\t\t<p><strong>Comunicaciones a terceros, Confidencialidad<\/strong><\/p>\n<p>Le informamos que Endutex Hot\u00e9is, Sociedade Unipessoal Lda, no comunica sus datos a terceros y mantiene absoluta confidencialidad con respecto a la informaci\u00f3n de sus contactos o clientes. Endutex Hot\u00e9is, Sociedade Unipessoal Lda, s\u00f3lo comunicar\u00e1 sus datos a terceros si dicha comunicaci\u00f3n es necesaria para la prestaci\u00f3n de servicios. <\/p>\n\t\t\t\t\t\t<\/div>\n\t\t\t\t<\/div>\n\t\t\t\t<div class=\"elementor-element elementor-element-bdf445a elementor-widget elementor-widget-text-editor\" data-id=\"bdf445a\" data-element_type=\"widget\" data-widget_type=\"text-editor.default\">\n\t\t\t\t<div class=\"elementor-widget-container\">\n\t\t\t\t\t\t\t<p><strong>Conservaci\u00f3n de Datos<\/strong><\/p>\n<p>Endutex Hot\u00e9is, Sociedade Unipessoal Lda, conservar\u00e1 los datos facilitados mientras se mantenga la relaci\u00f3n contractual que motiv\u00f3 su tratamiento o durante los a\u00f1os necesarios para cumplir obligaciones legales, resolver responsabilidades que puedan derivarse y mientras el destinatario no ejercite su derecho de supresi\u00f3n u oposici\u00f3n al tratamiento.<\/p>\n\t\t\t\t\t\t<\/div>\n\t\t\t\t<\/div>\n\t\t\t\t<div class=\"elementor-element elementor-element-40319ba elementor-widget elementor-widget-text-editor\" data-id=\"40319ba\" data-element_type=\"widget\" data-widget_type=\"text-editor.default\">\n\t\t\t\t<div class=\"elementor-widget-container\">\n\t\t\t\t\t\t\t<p><strong>Derechos de los interesados<\/strong><\/p>\n<p>Usted dispondr\u00e1 de todos los derechos de acceso, rectificaci\u00f3n, supresi\u00f3n, oposici\u00f3n, limitaci\u00f3n del tratamiento, portabilidad y a presentar reclamaciones que, conforme a sus derechos, deber\u00e1n ser remitidas a la autoridad de control correspondiente. Para ejercitar estos derechos, puede enviarlos directamente a: rgpd@hotelmoov.com <\/p>\n<p>Si desea dejar de recibir informaci\u00f3n comercial de Endutex Hot\u00e9is, Sociedade Unipessoal Lda, env\u00edenos un e-mail a rgpd@hotelmoov.com con la palabra \u00abBaixa\u00bb en el asunto.<\/p>\n<p>Si tiene alguna pregunta sobre nuestro tratamiento de datos, no dude en escribirnos a rgpd@hotelmoov.com<\/p>\n<p>En Endutex Hot\u00e9is, Sociedade Unipessoal Lda, nos tomamos muy en serio su privacidad y le agradecemos su inter\u00e9s en seguir recibiendo nuestras comunicaciones.<\/p>\t\t\t\t\t\t<\/div>\n\t\t\t\t<\/div>\n\t\t\t\t\t<\/div>\n\t\t\t\t<\/div>\n\t\t\t\t<\/div>\n\t\t","protected":false},"excerpt":{"rendered":"<p>Homepage Finalidad del tratamiento de sus datos \u2219 Mantener la relaci\u00f3n contractual con nuestros clientes, para la prestaci\u00f3n de los servicios propios de Endutex Hot\u00e9is, Sociedade Unipessoal Lda;\u2219 Poder contactar con nuestros clientes a trav\u00e9s del correo electr\u00f3nico;\u2219 Informar a nuestros clientes sobre nuestras actividades, campa\u00f1as, promociones, eventos, entre otros, que consideremos de inter\u00e9s;\u2219 Realizar [&hellip;]<\/p>\n","protected":false},"author":4,"featured_media":0,"parent":0,"menu_order":0,"comment_status":"closed","ping_status":"closed","template":"elementor_header_footer","meta":{"_acf_changed":false,"footnotes":""},"class_list":["post-12719","page","type-page","status-publish","hentry"],"acf":[],"_links":{"self":[{"href":"https:\/\/hotelmoov.com\/es\/wp-json\/wp\/v2\/pages\/12719","targetHints":{"allow":["GET"]}}],"collection":[{"href":"https:\/\/hotelmoov.com\/es\/wp-json\/wp\/v2\/pages"}],"about":[{"href":"https:\/\/hotelmoov.com\/es\/wp-json\/wp\/v2\/types\/page"}],"author":[{"embeddable":true,"href":"https:\/\/hotelmoov.com\/es\/wp-json\/wp\/v2\/users\/4"}],"replies":[{"embeddable":true,"href":"https:\/\/hotelmoov.com\/es\/wp-json\/wp\/v2\/comments?post=12719"}],"version-history":[{"count":5,"href":"https:\/\/hotelmoov.com\/es\/wp-json\/wp\/v2\/pages\/12719\/revisions"}],"predecessor-version":[{"id":20076,"href":"https:\/\/hotelmoov.com\/es\/wp-json\/wp\/v2\/pages\/12719\/revisions\/20076"}],"wp:attachment":[{"href":"https:\/\/hotelmoov.com\/es\/wp-json\/wp\/v2\/media?parent=12719"}],"curies":[{"name":"wp","href":"https:\/\/api.w.org\/{rel}","templated":true}]}}