{"id":12717,"date":"2023-06-06T12:18:34","date_gmt":"2023-06-06T12:18:34","guid":{"rendered":"https:\/\/dev.hotelmoov.com\/politica-de-privacidad\/"},"modified":"2024-11-29T20:04:12","modified_gmt":"2024-11-29T20:04:12","slug":"politica-de-privacidad","status":"publish","type":"page","link":"https:\/\/hotelmoov.com\/es\/politica-de-privacidad\/","title":{"rendered":"Pol\u00edtica de Privacidad"},"content":{"rendered":"\t\t<div data-elementor-type=\"wp-page\" data-elementor-id=\"12717\" class=\"elementor elementor-12717 elementor-3\" data-elementor-post-type=\"page\">\n\t\t\t\t<div class=\"elementor-element elementor-element-7173533 e-con-full elementor-hidden-mobile e-flex e-con e-parent\" data-id=\"7173533\" data-element_type=\"container\">\n\t\t\t\t<div class=\"elementor-element elementor-element-08ed355 elementor-icon-list--layout-inline elementor-align-left elementor-list-item-link-full_width elementor-widget elementor-widget-icon-list\" data-id=\"08ed355\" data-element_type=\"widget\" data-widget_type=\"icon-list.default\">\n\t\t\t\t<div class=\"elementor-widget-container\">\n\t\t\t<link rel=\"stylesheet\" href=\"https:\/\/hotelmoov.com\/wp-content\/plugins\/elementor\/assets\/css\/widget-icon-list.min.css\">\t\t<ul class=\"elementor-icon-list-items elementor-inline-items\">\n\t\t\t\t\t\t\t<li class=\"elementor-icon-list-item elementor-inline-item\">\n\t\t\t\t\t\t\t\t\t\t\t<a href=\"https:\/\/hotelmoov.com\/es\/\">\n\n\t\t\t\t\t\t\t\t\t\t\t<span class=\"elementor-icon-list-text\">Homepage<\/span>\n\t\t\t\t\t\t\t\t\t\t\t<\/a>\n\t\t\t\t\t\t\t\t\t<\/li>\n\t\t\t\t\t\t\t\t<li class=\"elementor-icon-list-item elementor-inline-item\">\n\t\t\t\t\t\t\t\t\t\t<span class=\"elementor-icon-list-text\">\/ Pol\u00edtica de Privacidad<\/span>\n\t\t\t\t\t\t\t\t\t<\/li>\n\t\t\t\t\t\t<\/ul>\n\t\t\t\t<\/div>\n\t\t\t\t<\/div>\n\t\t\t\t<\/div>\n\t\t<div class=\"elementor-element elementor-element-e263800 e-flex e-con-boxed e-con e-parent\" data-id=\"e263800\" data-element_type=\"container\">\n\t\t\t\t\t<div class=\"e-con-inner\">\n\t\t\t\t<div class=\"elementor-element elementor-element-e7737c6 elementor-widget elementor-widget-theme-post-title elementor-page-title elementor-widget-heading\" data-id=\"e7737c6\" data-element_type=\"widget\" data-widget_type=\"theme-post-title.default\">\n\t\t\t\t<div class=\"elementor-widget-container\">\n\t\t\t<style>\/*! elementor - v3.23.0 - 05-08-2024 *\/\n.elementor-heading-title{padding:0;margin:0;line-height:1}.elementor-widget-heading .elementor-heading-title[class*=elementor-size-]>a{color:inherit;font-size:inherit;line-height:inherit}.elementor-widget-heading .elementor-heading-title.elementor-size-small{font-size:15px}.elementor-widget-heading .elementor-heading-title.elementor-size-medium{font-size:19px}.elementor-widget-heading .elementor-heading-title.elementor-size-large{font-size:29px}.elementor-widget-heading .elementor-heading-title.elementor-size-xl{font-size:39px}.elementor-widget-heading .elementor-heading-title.elementor-size-xxl{font-size:59px}<\/style><h1 class=\"elementor-heading-title elementor-size-default\">Pol\u00edtica de Privacidad<\/h1>\t\t<\/div>\n\t\t\t\t<\/div>\n\t\t\t\t<div class=\"elementor-element elementor-element-afd7e6e elementor-widget elementor-widget-text-editor\" data-id=\"afd7e6e\" data-element_type=\"widget\" data-widget_type=\"text-editor.default\">\n\t\t\t\t<div class=\"elementor-widget-container\">\n\t\t\t<style>\/*! elementor - v3.23.0 - 05-08-2024 *\/\n.elementor-widget-text-editor.elementor-drop-cap-view-stacked .elementor-drop-cap{background-color:#69727d;color:#fff}.elementor-widget-text-editor.elementor-drop-cap-view-framed .elementor-drop-cap{color:#69727d;border:3px solid;background-color:transparent}.elementor-widget-text-editor:not(.elementor-drop-cap-view-default) .elementor-drop-cap{margin-top:8px}.elementor-widget-text-editor:not(.elementor-drop-cap-view-default) .elementor-drop-cap-letter{width:1em;height:1em}.elementor-widget-text-editor .elementor-drop-cap{float:left;text-align:center;line-height:1;font-size:50px}.elementor-widget-text-editor .elementor-drop-cap-letter{display:inline-block}<\/style>\t\t\t\t<p>Bienvenido al sitio web de MOOV Hotels en Portugal. Este sitio web es propiedad del Grupo MOOV Hotels. Esta Pol\u00edtica de Privacidad est\u00e1 dise\u00f1ada para informarle de nuestras normas relativas a la recogida, uso y divulgaci\u00f3n de la informaci\u00f3n que pueda proporcionar a trav\u00e9s de este sitio web. Por favor, aseg\u00farese de leer esta Pol\u00edtica de Privacidad hasta el final antes de utilizar o enviar informaci\u00f3n a este sitio web.   <\/p>\n\t\t\t\t\t\t<\/div>\n\t\t\t\t<\/div>\n\t\t\t\t<div class=\"elementor-element elementor-element-441835a elementor-widget elementor-widget-text-editor\" data-id=\"441835a\" data-element_type=\"widget\" data-widget_type=\"text-editor.default\">\n\t\t\t\t<div class=\"elementor-widget-container\">\n\t\t\t\t\t\t\t<p><strong>Su consentimiento<\/strong><\/p>\n<p>Al utilizar este sitio web, usted acepta los t\u00e9rminos de la presente Pol\u00edtica de Privacidad. Siempre que env\u00ede informaci\u00f3n a trav\u00e9s de este sitio web, autoriza la recogida, el uso y la divulgaci\u00f3n de dicha informaci\u00f3n de conformidad con la presente Pol\u00edtica de Privacidad. <\/p>\n\t\t\t\t\t\t<\/div>\n\t\t\t\t<\/div>\n\t\t\t\t<div class=\"elementor-element elementor-element-4a5ca38 elementor-widget elementor-widget-text-editor\" data-id=\"4a5ca38\" data-element_type=\"widget\" data-widget_type=\"text-editor.default\">\n\t\t\t\t<div class=\"elementor-widget-container\">\n\t\t\t\t\t\t\t<p><strong>Informaci\u00f3n facilitada por usted<\/strong><\/p>\n<p>Algunas \u00e1reas de este sitio web pueden pedirle que env\u00ede informaci\u00f3n personal para acceder a \u00e1reas espec\u00edficas o llevar a cabo determinadas acciones (como participar en concursos o enviar una solicitud de contacto). Se le informar\u00e1 de qu\u00e9 datos son obligatorios y cu\u00e1les opcionales. <\/p>\n\t\t\t\t\t\t<\/div>\n\t\t\t\t<\/div>\n\t\t\t\t<div class=\"elementor-element elementor-element-49fc7ed elementor-widget elementor-widget-text-editor\" data-id=\"49fc7ed\" data-element_type=\"widget\" data-widget_type=\"text-editor.default\">\n\t\t\t\t<div class=\"elementor-widget-container\">\n\t\t\t\t\t\t\t<p><strong>Recogida pasiva de informaci\u00f3n<\/strong><\/p>\n<p>Mientras navega por este sitio web, es posible que se recopile cierta informaci\u00f3n an\u00f3nima de forma pasiva (es decir, sin que usted haya proporcionado activamente la informaci\u00f3n), utilizando diversas tecnolog\u00edas como cookies, etiquetas de Internet o balizas web y la recopilaci\u00f3n de datos de navegaci\u00f3n (archivos de registro, registros del servidor, secuencia de clics). Su navegador de Internet transmite autom\u00e1ticamente parte de esta informaci\u00f3n an\u00f3nima a este sitio web, como la URL del sitio web del que procede y la direcci\u00f3n del Protocolo de Internet (IP) y la versi\u00f3n del navegador que utiliza actualmente su ordenador. Este sitio web tambi\u00e9n puede recoger informaci\u00f3n an\u00f3nima de su ordenador a trav\u00e9s de cookies y etiquetas de Internet o balizas web. Puede configurar su navegador para que le avise cuando se env\u00ede una cookie o para rechazar todas las cookies, pero es posible que algunas funciones de este sitio web no funcionen sin cookies.   <\/p>\n\t\t\t\t\t\t<\/div>\n\t\t\t\t<\/div>\n\t\t\t\t<div class=\"elementor-element elementor-element-a2daa4f elementor-widget elementor-widget-text-editor\" data-id=\"a2daa4f\" data-element_type=\"widget\" data-widget_type=\"text-editor.default\">\n\t\t\t\t<div class=\"elementor-widget-container\">\n\t\t\t\t\t\t\t<p><strong>Utilizaci\u00f3n y difusi\u00f3n de la informaci\u00f3n<\/strong><\/p>\n<p>A menos que se indique lo contrario, podemos utilizar la informaci\u00f3n recopilada a trav\u00e9s de este sitio web para mejorar el contenido de nuestro sitio web, adaptar el sitio web a sus preferencias, comunicarle informaci\u00f3n (si la ha solicitado), para nuestros fines publicitarios y de investigaci\u00f3n, y para cualquier otro fin especificado. Adem\u00e1s, podemos hacer pleno uso de toda la informaci\u00f3n adquirida a trav\u00e9s de este sitio web que no est\u00e9 en forma de informaci\u00f3n personalmente identificable. Si usted proporciona informaci\u00f3n de identificaci\u00f3n personal a este sitio web, podemos combinar esa informaci\u00f3n con otra informaci\u00f3n recopilada activamente, a menos que especifiquemos lo contrario en el punto de recopilaci\u00f3n. Podemos revelar informaci\u00f3n de identificaci\u00f3n personal que proporciones a trav\u00e9s de este sitio web a otras unidades del Grupo MOOV que acepten tratar dicha informaci\u00f3n de conformidad con la presente Pol\u00edtica de Privacidad y utilizarla para los mismos fines. Tambi\u00e9n podemos revelar informaci\u00f3n de identificaci\u00f3n personal que usted proporciona a trav\u00e9s de este sitio web a terceros, pero s\u00f3lo:    <\/p>\n<p>A proveedores que utilizamos para apoyar nuestro negocio (como servicios de cumplimiento, soporte t\u00e9cnico, servicios de entrega e instituciones financieras), en cuyo caso exigiremos a estos terceros que acepten tratar esa informaci\u00f3n de acuerdo con esta Pol\u00edtica de Privacidad y utilizarla para los mismos fines;<\/p>\n<p>En relaci\u00f3n con la venta, cesi\u00f3n u otra transferencia del negocio de este sitio web al que se refiere la informaci\u00f3n, en cuyo caso exigiremos a los compradores que acepten tratar dicha informaci\u00f3n de conformidad con la presente Pol\u00edtica de Privacidad y utilizarla para los mismos fines; o bien<\/p>\n<p>Para responder a solicitudes de cumplimiento de la ley o, cuando as\u00ed lo exijan las leyes, \u00f3rdenes judiciales o normativas gubernamentales aplicables. La recogida, uso y divulgaci\u00f3n de la informaci\u00f3n contemplada en la presente Pol\u00edtica de Privacidad puede implicar la transferencia de la informaci\u00f3n a jurisdicciones situadas fuera de su pa\u00eds de residencia que pueden no tener leyes y normas equivalentes en materia de informaci\u00f3n de identificaci\u00f3n personal. En tales casos, se le pedir\u00e1 que autorice dichas transferencias y divulgaciones de conformidad con la presente Pol\u00edtica de Privacidad.  <\/p>\n\t\t\t\t\t\t<\/div>\n\t\t\t\t<\/div>\n\t\t\t\t<div class=\"elementor-element elementor-element-b5408c8 elementor-widget elementor-widget-text-editor\" data-id=\"b5408c8\" data-element_type=\"widget\" data-widget_type=\"text-editor.default\">\n\t\t\t\t<div class=\"elementor-widget-container\">\n\t\t\t\t\t\t\t<p><strong>Acceso, Eectificaci\u00f3n y Eliminaci\u00f3n<\/strong><\/p>\n<p>Para que la informaci\u00f3n de identificaci\u00f3n personal que nos facilite a trav\u00e9s de este sitio web sea exacta, actual y completa, p\u00f3ngase en contacto con nosotros como se especifica a continuaci\u00f3n y seguiremos los pasos adecuados para actualizar o corregir la informaci\u00f3n que obra en nuestro poder, o para eliminar su informaci\u00f3n de nuestra lista de contactos.<\/p>\n\t\t\t\t\t\t<\/div>\n\t\t\t\t<\/div>\n\t\t\t\t<div class=\"elementor-element elementor-element-87d04d7 elementor-widget elementor-widget-text-editor\" data-id=\"87d04d7\" data-element_type=\"widget\" data-widget_type=\"text-editor.default\">\n\t\t\t\t<div class=\"elementor-widget-container\">\n\t\t\t\t\t\t\t<p><strong>Enlaces a otros sitios web<\/strong><\/p>\n<p>Este sitio web puede contener enlaces o referencias a otros sitios web a los que no se aplica la presente Pol\u00edtica de Privacidad.<\/p>\n\t\t\t\t\t\t<\/div>\n\t\t\t\t<\/div>\n\t\t\t\t<div class=\"elementor-element elementor-element-6db5986 elementor-widget elementor-widget-text-editor\" data-id=\"6db5986\" data-element_type=\"widget\" data-widget_type=\"text-editor.default\">\n\t\t\t\t<div class=\"elementor-widget-container\">\n\t\t\t\t\t\t\t<p><strong>C\u00f3mo ponerse en contacto<\/strong><\/p>\n<p>Siempre que un usuario tenga alguna pregunta, comentario o aclaraci\u00f3n sobre esta Pol\u00edtica de Privacidad o las pr\u00e1cticas de informaci\u00f3n de este sitio web, debe ponerse en contacto con nosotros en la siguiente direcci\u00f3n:<\/p>\n<p>Endutex Hoteis Sociedade Unipessoal, Lda<br \/>Rua Baiona n\u00ba 22<br \/>4795-784 Vilarinho STS<\/p>\n<p>Email: rgpd@hotelmoov.com<\/p>\n\t\t\t\t\t\t<\/div>\n\t\t\t\t<\/div>\n\t\t\t\t<div class=\"elementor-element elementor-element-a32c7fe elementor-widget elementor-widget-text-editor\" data-id=\"a32c7fe\" data-element_type=\"widget\" data-widget_type=\"text-editor.default\">\n\t\t\t\t<div class=\"elementor-widget-container\">\n\t\t\t\t\t\t\t<p><strong>Cambios en esta Pol\u00edtica de Privacidad<\/strong><\/p>\n<p>Siempre que se introduzcan cambios en esta Pol\u00edtica de Privacidad, la pol\u00edtica revisada se publicar\u00e1 en este sitio web. Los usuarios deben consultar peri\u00f3dicamente nuestra Pol\u00edtica de Privacidad, especialmente antes de facilitar cualquier informaci\u00f3n personal identificable. Esta Pol\u00edtica de Privacidad se actualiz\u00f3 por \u00faltima vez el 19 de septiembre de 2011.  <\/p>\n\t\t\t\t\t\t<\/div>\n\t\t\t\t<\/div>\n\t\t\t\t\t<\/div>\n\t\t\t\t<\/div>\n\t\t\t\t<\/div>\n\t\t","protected":false},"excerpt":{"rendered":"<p>Homepage Bienvenido al sitio web de MOOV Hotels en Portugal. Este sitio web es propiedad del Grupo MOOV Hotels. Esta Pol\u00edtica de Privacidad est\u00e1 dise\u00f1ada para informarle de nuestras normas relativas a la recogida, uso y divulgaci\u00f3n de la informaci\u00f3n que pueda proporcionar a trav\u00e9s de este sitio web. Por favor, aseg\u00farese de leer esta [&hellip;]<\/p>\n","protected":false},"author":4,"featured_media":0,"parent":0,"menu_order":0,"comment_status":"closed","ping_status":"closed","template":"elementor_header_footer","meta":{"_acf_changed":false,"footnotes":""},"class_list":["post-12717","page","type-page","status-publish","hentry"],"acf":[],"_links":{"self":[{"href":"https:\/\/hotelmoov.com\/es\/wp-json\/wp\/v2\/pages\/12717","targetHints":{"allow":["GET"]}}],"collection":[{"href":"https:\/\/hotelmoov.com\/es\/wp-json\/wp\/v2\/pages"}],"about":[{"href":"https:\/\/hotelmoov.com\/es\/wp-json\/wp\/v2\/types\/page"}],"author":[{"embeddable":true,"href":"https:\/\/hotelmoov.com\/es\/wp-json\/wp\/v2\/users\/4"}],"replies":[{"embeddable":true,"href":"https:\/\/hotelmoov.com\/es\/wp-json\/wp\/v2\/comments?post=12717"}],"version-history":[{"count":4,"href":"https:\/\/hotelmoov.com\/es\/wp-json\/wp\/v2\/pages\/12717\/revisions"}],"predecessor-version":[{"id":15526,"href":"https:\/\/hotelmoov.com\/es\/wp-json\/wp\/v2\/pages\/12717\/revisions\/15526"}],"wp:attachment":[{"href":"https:\/\/hotelmoov.com\/es\/wp-json\/wp\/v2\/media?parent=12717"}],"curies":[{"name":"wp","href":"https:\/\/api.w.org\/{rel}","templated":true}]}}